{"id":17,"date":"2012-09-01T22:00:00","date_gmt":"2012-09-01T21:00:00","guid":{"rendered":"http:\/\/os-tinje.splet.arnes.si\/2012\/09\/01\/svet-ole\/"},"modified":"2025-09-02T10:00:23","modified_gmt":"2025-09-02T08:00:23","slug":"svet-ole","status":"publish","type":"page","link":"https:\/\/www.os-tinje.si\/?page_id=17","title":{"rendered":"Svet \u0161ole"},"content":{"rendered":"<p style=\"text-align: justify\"><span style=\"color: #ff6600\"><span style=\"font-size: 10pt\"><strong>Naloge Sveta zavoda<\/strong><\/span><\/span><\/p>\n<p style=\"text-align: justify\"><span style=\"color: #000000\"><span style=\"font-size: 10pt\">Svet zavoda \u0161ole imenuje in razre\u0161uje ravnatelja, sprejema program razvoja \u0161ole, letni delovni na\u010drt ter poro\u010dilo o njegovi uresni\u010ditvi, sprejme letno poro\u010dilo o samoevalvaciji \u0161ole, odlo\u010da o uvedbi nadstandardnih in drugih programov, obravnava poro\u010dila o vzgojni oziroma izobra\u017eevalni problematiki, odlo\u010da o prito\u017ebah, \u010de z zakonom ni dolo\u010deno druga\u010de, obravnava zadeve, ki mu jih predlo\u017ei u\u010diteljski zbor, \u0161olska in\u0161pekcija, reprezentativni sindikat zaposlenih, Svet star\u0161ev, skupnost u\u010dencev ter opravlja druge naloge, dolo\u010dene z zakonom in aktom o ustanovitvi.<\/span><\/span><\/p>\n<p style=\"text-align: justify\"><span style=\"color: #ff6600\"><span style=\"font-size: 10pt\">&nbsp;<\/span><\/span><span style=\"color: #000000\"><span style=\"font-size: 10pt\"><strong><span style=\"color: #ff6600\">Svet zavoda O\u0160 Partizanska bolni\u0161nica Jesen Tinje<img loading=\"lazy\" decoding=\"async\" class=\"alignright\" src=\"https:\/\/osvp.splet.arnes.si\/files\/2015\/08\/svet-starsev.gif\" alt=\"Svet star\u0161ev \u2013 O\u0160 Vide Pregarc\" width=\"224\" height=\"190\"><\/span><br \/>\n<\/strong><\/span><\/span><\/p>\n<p style=\"text-align: justify\"><span style=\"color: #000000\"><span style=\"font-size: 10pt\">\u010clani sveta so izvoljeni za \u0161tiri leta. Svet zavoda \u0161ole \u0161teje 11 \u010dlanov. Sestavljajo ga:&nbsp; &nbsp; &nbsp; &nbsp; &nbsp; &nbsp; &nbsp; &nbsp; &nbsp; &nbsp; &nbsp; &nbsp; &nbsp; &nbsp; &nbsp; &nbsp; &nbsp; &nbsp; &nbsp; &nbsp; &nbsp; &nbsp; &nbsp; &nbsp; &nbsp; &nbsp; &nbsp; &nbsp; &nbsp; &nbsp; &nbsp; &nbsp; &nbsp; &nbsp; &nbsp; &nbsp; &nbsp; &nbsp; &nbsp; &nbsp; &nbsp; &nbsp;<br \/>\n<\/span><\/span><\/p>\n<div style=\"text-align: justify\">\n<ul>\n<li><span style=\"color: #000000\"><span style=\"color: #000000\"><span style=\"font-size: 10pt\"> trije predstavniki ustanovitelja (Matej Gracej, Andrejka Pristovnik, <\/span><\/span><\/span><span style=\"color: #000000\"><span style=\"font-size: 10pt\">Nada Zelenko);<br \/>\n<\/span><\/span><\/li>\n<li><span style=\"color: #000000\"><span style=\"font-size: 10pt\">trije predstavniki star\u0161ev (Marko Gracej (namestnik predsednice), Aleksandra Leskovar, Janja Kos);<br \/>\n<\/span><\/span><\/li>\n<li><span style=\"color: #000000\"><span style=\"font-size: 10pt\">pet predstavnikov \u0161ole <strong>(Bogdana Drozg Oni\u010d (predsednica)<\/strong>, Rok Dragi\u0107, Sonja Gracej, Mojca \u0160ega, \u0160pela Osrajnik).<\/span><\/span><\/li>\n<\/ul>\n<p><span style=\"color: #000000\"><span style=\"font-size: 10pt\">&nbsp;<\/span><\/span><\/p>\n<p><strong><span style=\"color: #ff6600\"><a style=\"color: #ff6600\" href=\"http:\/\/os-tinjenova.splet.arnes.si\/files\/2012\/09\/POSLOVNIK-SVETA-ZAVODA-O\u0160-TINJE.pdf\">POSLOVNIK SVETA ZAVODA O\u0160 TINJE<\/a><\/span><\/strong><\/p>\n<\/div>\n","protected":false},"excerpt":{"rendered":"<p>Naloge Sveta zavoda Svet zavoda \u0161ole imenuje in razre\u0161uje ravnatelja, sprejema program razvoja \u0161ole, letni delovni na\u010drt ter poro\u010dilo o njegovi uresni\u010ditvi, sprejme letno poro\u010dilo o samoevalvaciji \u0161ole, odlo\u010da o uvedbi nadstandardnih in drugih programov, obravnava poro\u010dila o vzgojni oziroma izobra\u017eevalni problematiki, odlo\u010da o prito\u017ebah, \u010de z zakonom ni dolo\u010deno druga\u010de, obravnava zadeve, ki mu [&hellip;]<\/p>\n","protected":false},"author":2887,"featured_media":0,"parent":0,"menu_order":15,"comment_status":"closed","ping_status":"open","template":"","meta":{"_et_pb_use_builder":"","_et_pb_old_content":"","_et_gb_content_width":"","ngg_post_thumbnail":0,"footnotes":""},"class_list":["post-17","page","type-page","status-publish","hentry"],"_links":{"self":[{"href":"https:\/\/www.os-tinje.si\/index.php?rest_route=\/wp\/v2\/pages\/17","targetHints":{"allow":["GET"]}}],"collection":[{"href":"https:\/\/www.os-tinje.si\/index.php?rest_route=\/wp\/v2\/pages"}],"about":[{"href":"https:\/\/www.os-tinje.si\/index.php?rest_route=\/wp\/v2\/types\/page"}],"author":[{"embeddable":true,"href":"https:\/\/www.os-tinje.si\/index.php?rest_route=\/wp\/v2\/users\/2887"}],"replies":[{"embeddable":true,"href":"https:\/\/www.os-tinje.si\/index.php?rest_route=%2Fwp%2Fv2%2Fcomments&post=17"}],"version-history":[{"count":13,"href":"https:\/\/www.os-tinje.si\/index.php?rest_route=\/wp\/v2\/pages\/17\/revisions"}],"predecessor-version":[{"id":8928,"href":"https:\/\/www.os-tinje.si\/index.php?rest_route=\/wp\/v2\/pages\/17\/revisions\/8928"}],"wp:attachment":[{"href":"https:\/\/www.os-tinje.si\/index.php?rest_route=%2Fwp%2Fv2%2Fmedia&parent=17"}],"curies":[{"name":"wp","href":"https:\/\/api.w.org\/{rel}","templated":true}]}}