{"id":1903,"date":"2018-01-14T14:13:45","date_gmt":"2018-01-14T13:13:45","guid":{"rendered":"http:\/\/os-tinjenova.splet.arnes.si\/?page_id=1903"},"modified":"2018-01-14T14:15:30","modified_gmt":"2018-01-14T13:15:30","slug":"projekt-sio-2020","status":"publish","type":"page","link":"https:\/\/www.os-tinje.si\/?page_id=1903","title":{"rendered":"PROJEKT SIO-2020"},"content":{"rendered":"<h3><strong>Program nadaljnje vzpostavitve IKT infrastrukture v vzgoji in izobra\u017eevanju SIO-2020<\/strong><\/h3>\n<p><img decoding=\"async\" id=\"fancybox-img\" src=\"http:\/\/www.cresnjevec.si\/files\/2018\/01\/logotip_EKP-2014-2020_SIO-2020.png\" alt=\"\" \/><\/p>\n<p><strong>Cilj<\/strong> operacije je izbolj\u0161anje kompetenc in dose\u017ekov mladih ter ve\u010dja usposobljenost izobra\u017eevalcev prek ve\u010dje uporabe sodobne IKT pri pou\u010devanju in u\u010denju. Vzgojno-izobra\u017eevalnim zavodom se sofinancira izgradnja brez\u017ei\u010dnih omre\u017eij in nakup IKT opreme, razvija se e-storitve in e-vsebine.<\/p>\n<p><a href=\"http:\/\/www.eu-skladi.si\/\"><strong>Povezava <\/strong><\/a>na spletno stran evropske kohezijske politike v Sloveniji.<\/p>\n<p><em>Nalo\u017ebo sofinancirata Republika Slovenija in Evropska unija iz Evropskega sklada za regionalni razvoj.<\/em><\/p>\n","protected":false},"excerpt":{"rendered":"<p>Program nadaljnje vzpostavitve IKT infrastrukture v vzgoji in izobra\u017eevanju SIO-2020 Cilj operacije je izbolj\u0161anje kompetenc in dose\u017ekov mladih ter ve\u010dja usposobljenost izobra\u017eevalcev prek ve\u010dje uporabe sodobne IKT pri pou\u010devanju in u\u010denju. Vzgojno-izobra\u017eevalnim zavodom se sofinancira izgradnja brez\u017ei\u010dnih omre\u017eij in nakup IKT opreme, razvija se e-storitve in e-vsebine. Povezava na spletno stran evropske kohezijske politike v [&hellip;]<\/p>\n","protected":false},"author":2887,"featured_media":0,"parent":0,"menu_order":0,"comment_status":"closed","ping_status":"closed","template":"","meta":{"_et_pb_use_builder":"","_et_pb_old_content":"","_et_gb_content_width":"","ngg_post_thumbnail":0,"footnotes":""},"class_list":["post-1903","page","type-page","status-publish","hentry"],"_links":{"self":[{"href":"https:\/\/www.os-tinje.si\/index.php?rest_route=\/wp\/v2\/pages\/1903","targetHints":{"allow":["GET"]}}],"collection":[{"href":"https:\/\/www.os-tinje.si\/index.php?rest_route=\/wp\/v2\/pages"}],"about":[{"href":"https:\/\/www.os-tinje.si\/index.php?rest_route=\/wp\/v2\/types\/page"}],"author":[{"embeddable":true,"href":"https:\/\/www.os-tinje.si\/index.php?rest_route=\/wp\/v2\/users\/2887"}],"replies":[{"embeddable":true,"href":"https:\/\/www.os-tinje.si\/index.php?rest_route=%2Fwp%2Fv2%2Fcomments&post=1903"}],"version-history":[{"count":3,"href":"https:\/\/www.os-tinje.si\/index.php?rest_route=\/wp\/v2\/pages\/1903\/revisions"}],"predecessor-version":[{"id":1909,"href":"https:\/\/www.os-tinje.si\/index.php?rest_route=\/wp\/v2\/pages\/1903\/revisions\/1909"}],"wp:attachment":[{"href":"https:\/\/www.os-tinje.si\/index.php?rest_route=%2Fwp%2Fv2%2Fmedia&parent=1903"}],"curies":[{"name":"wp","href":"https:\/\/api.w.org\/{rel}","templated":true}]}}