{"id":195,"date":"2014-01-01T11:21:41","date_gmt":"2014-01-01T10:21:41","guid":{"rendered":"http:\/\/os-tinje.splet.arnes.si\/2014\/01\/01\/ucb-skl\/"},"modified":"2014-01-01T11:21:41","modified_gmt":"2014-01-01T10:21:41","slug":"ucb-skl","status":"publish","type":"page","link":"https:\/\/www.os-tinje.si\/?page_id=195","title":{"rendered":"U\u010cBENI\u0160KI SKLAD"},"content":{"rendered":"<p><span style=\"font-size: 12pt\"><span style=\"color: #000000\">\u0160ola ima \u017ee ve\u010d let oblikovan u\u010dbeni\u0161ki sklad. Vsi u\u010denci od 1. do 9. razreda si lahko v \u0161oli izposodijo komplete u\u010dbenikov. U\u010denci ne pla\u010dajo obrabnine. Za vodenje sklada, ugotavljanje potreb po u\u010dbenikih, delovnih zvezkih, izposojo u\u010dbenikov ter vodenje evidence, je odgovorna knji\u017eni\u010darka Andreja Toma\u017ei\u010d.<\/span><\/span><\/p>\n<p><span style=\"font-size: 12pt\"><span style=\"color: #000000\"><br \/><\/span><\/span><\/p>\n<p><span style=\"font-size: 12pt\"><span style=\"color: #000000\"><img loading=\"lazy\" decoding=\"async\" class=\" size-full wp-image-194\" alt=\"ucbenik\" src=\"http:\/\/os-tinjenova.splet.arnes.si\/files\/2014\/01\/ucbenik.jpg\" height=\"236\" width=\"367\" srcset=\"https:\/\/www.os-tinje.si\/files\/2014\/01\/ucbenik.jpg 1906w, https:\/\/www.os-tinje.si\/files\/2014\/01\/ucbenik-300x193.jpg 300w, https:\/\/www.os-tinje.si\/files\/2014\/01\/ucbenik-1024x659.jpg 1024w\" sizes=\"(max-width: 367px) 100vw, 367px\" \/><br \/><\/span><\/span><\/p>\n","protected":false},"excerpt":{"rendered":"<p>\u0160ola ima \u017ee ve\u010d let oblikovan u\u010dbeni\u0161ki sklad. Vsi u\u010denci od 1. do 9. razreda si lahko v \u0161oli izposodijo komplete u\u010dbenikov. U\u010denci ne pla\u010dajo obrabnine. Za vodenje sklada, ugotavljanje potreb po u\u010dbenikih, delovnih zvezkih, izposojo u\u010dbenikov ter vodenje evidence, je odgovorna knji\u017eni\u010darka Andreja Toma\u017ei\u010d.<\/p>\n","protected":false},"author":2887,"featured_media":194,"parent":0,"menu_order":2,"comment_status":"closed","ping_status":"open","template":"","meta":{"_et_pb_use_builder":"","_et_pb_old_content":"","_et_gb_content_width":"","ngg_post_thumbnail":0,"footnotes":""},"class_list":["post-195","page","type-page","status-publish","has-post-thumbnail","hentry"],"_links":{"self":[{"href":"https:\/\/www.os-tinje.si\/index.php?rest_route=\/wp\/v2\/pages\/195","targetHints":{"allow":["GET"]}}],"collection":[{"href":"https:\/\/www.os-tinje.si\/index.php?rest_route=\/wp\/v2\/pages"}],"about":[{"href":"https:\/\/www.os-tinje.si\/index.php?rest_route=\/wp\/v2\/types\/page"}],"author":[{"embeddable":true,"href":"https:\/\/www.os-tinje.si\/index.php?rest_route=\/wp\/v2\/users\/2887"}],"replies":[{"embeddable":true,"href":"https:\/\/www.os-tinje.si\/index.php?rest_route=%2Fwp%2Fv2%2Fcomments&post=195"}],"version-history":[{"count":0,"href":"https:\/\/www.os-tinje.si\/index.php?rest_route=\/wp\/v2\/pages\/195\/revisions"}],"wp:featuredmedia":[{"embeddable":true,"href":"https:\/\/www.os-tinje.si\/index.php?rest_route=\/wp\/v2\/media\/194"}],"wp:attachment":[{"href":"https:\/\/www.os-tinje.si\/index.php?rest_route=%2Fwp%2Fv2%2Fmedia&parent=195"}],"curies":[{"name":"wp","href":"https:\/\/api.w.org\/{rel}","templated":true}]}}