{"id":197,"date":"2014-01-01T13:05:32","date_gmt":"2014-01-01T12:05:32","guid":{"rendered":"http:\/\/os-tinje.splet.arnes.si\/2014\/01\/01\/stari\/"},"modified":"2025-04-02T13:31:00","modified_gmt":"2025-04-02T11:31:00","slug":"stari","status":"publish","type":"page","link":"https:\/\/www.os-tinje.si\/?page_id=197","title":{"rendered":"SODELOVANJE S STAR\u0160I"},"content":{"rendered":"<p style=\"text-align: left\"><span style=\"font-size: 12pt\"><span style=\"color: #000000\">Sodelovanju \u0161ole s star\u0161i posve\u010damo posebno pozornost. \u017delimo vas sproti informirati o delu in napredku njihovega otroka v \u0161oli in nuditi strokovna predavanja, ki vam bodo koristila pri vzgoji otrok. Poleg <strong>govorilnih ur in roditeljskih sestankov<\/strong> bodo razredniki po potrebi organizirali sre\u010danja s star\u0161i v okviru posvetovalnih timov, individualnih razgovorov in obiskov na domu.<\/span><\/span><\/p>\n<p style=\"text-align: left\"><strong><span style=\"font-size: 12pt\"><span style=\"color: #000000\">&nbsp;<\/span><\/span><span style=\"font-size: 12pt\"><span style=\"color: #000000\">1. Govorilne ure<\/span><\/span><\/strong><span style=\"font-size: 12pt\"><span style=\"color: #000000\"><br \/>\n<\/span><\/span><\/p>\n<p style=\"text-align: left\"><span style=\"font-size: 12pt\"><span style=\"color: #000000\">Govorilne ure organiziramo vsak 2. ponedeljek v mesecu od 15.30 do 16.30 in enkrat tedensko pri vsakem strokovnem delavcu v dopoldanskem \u010dasu. Na govorilne ure poleg star\u0161ev vabimo tudi u\u010dence.<\/span><\/span><\/p>\n<p style=\"text-align: left\"><span style=\"font-size: 12pt\"><span style=\"color: #000000\"><strong>URNIK GOVORILNIH UR U\u010cITELJEV V DOPOLDANSKEM \u010cASU:<\/strong><br \/>\n<\/span><\/span><\/p>\n<table style=\"width: 100.105%;border-collapse: collapse;background-color: #dbdbdb;height: 299px\" border=\"1\">\n<tbody>\n<tr style=\"height: 23px\">\n<td style=\"width: 16.6667%;height: 23px\"><strong><span style=\"color: #000000\">ura\/\u010das<\/span><\/strong><\/td>\n<td style=\"width: 16.5937%;height: 23px\"><strong><span style=\"color: #000000\">PONEDELJEK<\/span><\/strong><\/td>\n<td style=\"width: 16.6508%;height: 23px\"><strong><span style=\"color: #000000\">TOREK<\/span><\/strong><\/td>\n<td style=\"width: 16.7556%;height: 23px\"><strong><span style=\"color: #000000\">SREDA<\/span><\/strong><\/td>\n<td style=\"width: 16.6667%;height: 23px\"><strong><span style=\"color: #000000\">\u010cETRTEK<\/span><\/strong><\/td>\n<td style=\"width: 16.7714%;height: 23px\"><strong><span style=\"color: #000000\">PETEK<\/span><\/strong><\/td>\n<\/tr>\n<tr style=\"height: 75px\">\n<td style=\"width: 16.6667%;text-align: left;height: 75px\"><span style=\"color: #000000\">1.&nbsp;&nbsp;&nbsp; 7.45\u20138.30<\/span><\/td>\n<td style=\"width: 16.5937%;text-align: center;height: 75px\">&nbsp;<\/td>\n<td style=\"width: 16.6508%;text-align: center;height: 75px\"><span style=\"color: #000000\"><b>Alojzija Mu\u0161i\u010d, ravnateljica<\/b><\/span><\/td>\n<td style=\"width: 16.7556%;text-align: center;height: 75px\"><span style=\"color: #000000\"><b>Ur\u0161ka Smole<\/b><\/span><\/td>\n<td style=\"width: 16.6667%;text-align: center;height: 75px\">&nbsp;<\/td>\n<td style=\"width: 16.7714%;text-align: center;height: 75px\">&nbsp;<\/td>\n<\/tr>\n<tr style=\"height: 23px\">\n<td style=\"width: 16.6667%;text-align: left;height: 38px\"><span style=\"color: #000000\">2.&nbsp;&nbsp;&nbsp; 8.35\u20139.20<\/span><\/td>\n<td style=\"width: 16.5937%;text-align: center;height: 38px\"><span style=\"color: #000000\"><strong>Barbara Poto\u010dnik Kolenc<\/strong><\/span><\/td>\n<td style=\"width: 16.6508%;text-align: center;height: 38px\">&nbsp;<\/td>\n<td style=\"width: 16.7556%;text-align: center;height: 38px\">&nbsp;<\/td>\n<td style=\"width: 16.6667%;text-align: center;height: 38px\">&nbsp;<\/td>\n<td style=\"width: 16.7714%;text-align: center;height: 38px\"><span style=\"color: #000000\"><strong>Maja \u0160pes (7. razred)<\/strong><\/span><\/td>\n<\/tr>\n<tr style=\"height: 51px\">\n<td style=\"width: 16.6667%;text-align: left;height: 43px\"><span style=\"color: #000000\">3.&nbsp;&nbsp;&nbsp; 9.40\u201310.25<\/span><\/td>\n<td style=\"width: 16.5937%;text-align: center;height: 43px\"><strong><span style=\"color: #000000\">Andreja Toma\u017ei\u010d (5. razred)<\/span><\/strong><\/td>\n<td style=\"width: 16.6508%;text-align: center;height: 43px\">&nbsp;<\/td>\n<td style=\"width: 16.7556%;text-align: center;height: 43px\"><span style=\"color: #000000\"><strong>Silva Kos (3. razred)<\/strong><\/span><\/p>\n<p><span style=\"color: #000000\"><strong>Anita Cizerl (9. razred)<\/strong><\/span><\/td>\n<td style=\"width: 16.6667%;text-align: center;height: 43px\"><span style=\"color: #000000\"><strong>Klara Kos<\/strong><\/span><\/td>\n<td style=\"width: 16.7714%;text-align: center;height: 43px\">&nbsp;<\/td>\n<\/tr>\n<tr style=\"height: 23px\">\n<td style=\"width: 16.6667%;text-align: left;height: 23px\"><span style=\"color: #000000\">4.&nbsp;&nbsp; 10.30\u201311.15<\/span><\/td>\n<td style=\"width: 16.5937%;text-align: center;height: 23px\">&nbsp;<\/td>\n<td style=\"width: 16.6508%;text-align: center;height: 23px\">&nbsp;<\/td>\n<td style=\"width: 16.7556%;text-align: center;height: 23px\">&nbsp;<\/td>\n<td style=\"width: 16.6667%;text-align: center;height: 23px\"><span style=\"color: #000000\"><strong>Igor Javernik<\/strong><\/span><\/td>\n<td style=\"width: 16.7714%;text-align: center;height: 23px\"><span style=\"color: #000000\"><strong>Kaja Praprotnik<\/strong><\/span><\/p>\n<p><strong style=\"color: #000000\">Marta Potr\u010d (4. razred)<\/strong><\/td>\n<\/tr>\n<tr style=\"height: 23px\">\n<td style=\"width: 16.6667%;text-align: left;height: 23px\"><span style=\"color: #000000\">5.&nbsp;&nbsp; 11. 20\u201312.05<\/span><\/td>\n<td style=\"width: 16.5937%;text-align: center;height: 23px\">&nbsp;<\/td>\n<td style=\"width: 16.6508%;text-align: center;height: 23px\">&nbsp;<\/td>\n<td style=\"width: 16.7556%;text-align: center;height: 23px\"><span style=\"color: #000000\"><strong>\u0160pela Zolar (2. razred)<\/strong><\/span><\/td>\n<td style=\"width: 16.6667%;text-align: center;height: 23px\">&nbsp;<\/td>\n<td style=\"width: 16.7714%;text-align: center;height: 23px\">&nbsp;<\/td>\n<\/tr>\n<tr style=\"height: 51px\">\n<td style=\"width: 16.6667%;text-align: left;height: 51px\"><span style=\"color: #000000\">6.&nbsp;&nbsp; 12.10\u201312. 55<\/span><\/td>\n<td style=\"width: 16.5937%;text-align: center;height: 51px\"><span style=\"color: #000000\"><strong>\u0160pela Osrajnik (1. razred)<\/strong><\/span><\/td>\n<td style=\"width: 16.6508%;text-align: center;height: 51px\"><span style=\"color: #000000\"><strong>Dragica Kri\u017eaj<\/strong><\/span><\/td>\n<td style=\"width: 16.7556%;text-align: center;height: 51px\">&nbsp;<\/td>\n<td style=\"width: 16.6667%;text-align: center;height: 51px\">&nbsp;<\/td>\n<td style=\"width: 16.7714%;text-align: center;height: 51px\">&nbsp;<\/td>\n<\/tr>\n<tr style=\"height: 23px\">\n<td style=\"width: 16.6667%;text-align: left;height: 23px\"><span style=\"color: #000000\">7.&nbsp;&nbsp; 13. 10\u201313.55<\/span><\/td>\n<td style=\"width: 16.5937%;text-align: center;height: 23px\">&nbsp;<\/td>\n<td style=\"width: 16.6508%;text-align: center;height: 23px\"><span style=\"color: #000000\"><strong>Stanka Sku\u0161ek Mikoli\u010d<\/strong><\/span><\/td>\n<td style=\"width: 16.7556%;text-align: center;height: 23px\"><span style=\"color: #000000\"><strong>Bogdana Drozg Oni\u010d<\/strong><\/span><\/p>\n<p><span style=\"color: #000000\"><strong>Kristijan Ilijevec<\/strong><\/span><\/td>\n<td style=\"width: 16.6667%;text-align: center;height: 23px\"><span style=\"color: #000000\"><strong>Rok Dragi\u0107<\/strong><\/span><\/td>\n<td style=\"width: 16.7714%;text-align: center;height: 23px\">&nbsp;<\/td>\n<\/tr>\n<\/tbody>\n<\/table>\n<div style=\"text-align: left\"><span style=\"font-size: 12pt\">&nbsp;<\/span><\/div>\n<div style=\"text-align: left\"><strong><span style=\"font-size: 12pt\"><span style=\"color: #000000\">2. Roditeljski sestanki<\/span><\/span><\/strong><span style=\"font-size: 12pt\">&nbsp;<\/span><\/div>\n<p style=\"text-align: left\"><span style=\"font-size: 12pt\"><span style=\"color: #000000\">&nbsp;<\/span><\/span><span style=\"font-size: 12pt\"><span style=\"color: #000000\">V \u0161olskem letu na\u010drtujemo dva skupna roditeljska sestanka, po zaklju\u010dku bo potekala \u0161e govorilna ura. Razredne roditeljske sestanke na\u010drtujejo razredniki.<\/span><\/span><\/p>\n<table style=\"height: 551px;border-color: #000000;border-style: solid\">\n<tbody>\n<tr style=\"height: 62px\">\n<td style=\"height: 62px;border-color: #000000;width: 210.556px\" colspan=\"2\"><strong>SKUPNI RODITELJSKI SESTANEK \u2013 IZOBRA\u017dEVANJA<\/strong><\/td>\n<td style=\"height: 62px;width: 206px\"><strong>VSEBINA<\/strong><\/td>\n<td style=\"height: 62px;width: 166px\"><strong>NOSILEC<\/strong><\/td>\n<\/tr>\n<tr style=\"height: 130px\">\n<td style=\"height: 127px;border-color: #000000;width: 84px\">9. 9. 2024<\/td>\n<td style=\"height: 127px;border-color: #000000;text-align: center;width: 121px\">Vsi star\u0161i<\/td>\n<td style=\"height: 257px;border-color: #000000;width: 206px\" rowspan=\"2\">1. Poro\u010dilo o realizaciji LDN v \u0161olskem<br \/>\nletu 2023\/2024<br \/>\n2. Predstavitev LDN za \u0161olsko leto<br \/>\n2024\/2025<br \/>\n3. Razno, pobude in predlogi.<\/td>\n<td style=\"height: 257px;border-color: #000000;width: 166px\" rowspan=\"2\">&nbsp;Ravnateljica, strokovni delavci<img decoding=\"async\" src=\"https:\/\/www.vrtec.oslovrenc.si\/files\/2013\/05\/krog%20otr.png\" alt=\"RODITELJSKI SESTANEK | VRTEC PRI O\u0160 LOVRENC NA POHORJU\"><\/td>\n<\/tr>\n<tr style=\"height: 130px\">\n<td>&nbsp;<\/td>\n<td>&nbsp;<\/td>\n<\/tr>\n<tr style=\"height: 185px\">\n<td style=\"height: 185px;border-color: #000000;width: 84px\">13. 1. 2025<\/td>\n<td style=\"height: 185px;border-color: #000000;text-align: center;width: 121px\">Vsi star\u0161i<\/td>\n<td style=\"height: 185px;border-color: #000000;width: 206px\">Predavanje za star\u0161e po dogovoru<\/td>\n<td style=\"height: 185px;border-color: #000000;width: 166px\">Zunanji izvajalec<\/td>\n<\/tr>\n<tr style=\"height: 47px\">\n<td style=\"border-color: #000000;width: 84px;height: 47px\">&nbsp;<\/td>\n<td style=\"border-color: #000000;width: 121px;height: 47px\">&nbsp;<\/td>\n<td style=\"border-color: #000000;width: 206px;height: 47px\">&nbsp;<\/td>\n<td style=\"border-color: #000000;width: 166px;height: 47px\">&nbsp;<\/td>\n<\/tr>\n<\/tbody>\n<\/table>\n<p>&nbsp;<\/p>\n<p>&nbsp;<\/p>\n","protected":false},"excerpt":{"rendered":"<p>Sodelovanju \u0161ole s star\u0161i posve\u010damo posebno pozornost. \u017delimo vas sproti informirati o delu in napredku njihovega otroka v \u0161oli in nuditi strokovna predavanja, ki vam bodo koristila pri vzgoji otrok. Poleg govorilnih ur in roditeljskih sestankov bodo razredniki po potrebi organizirali sre\u010danja s star\u0161i v okviru posvetovalnih timov, individualnih razgovorov in obiskov na domu. &nbsp;1. [&hellip;]<\/p>\n","protected":false},"author":2887,"featured_media":0,"parent":0,"menu_order":1,"comment_status":"closed","ping_status":"open","template":"","meta":{"_et_pb_use_builder":"","_et_pb_old_content":"","_et_gb_content_width":"","ngg_post_thumbnail":0,"footnotes":""},"class_list":["post-197","page","type-page","status-publish","hentry"],"_links":{"self":[{"href":"https:\/\/www.os-tinje.si\/index.php?rest_route=\/wp\/v2\/pages\/197","targetHints":{"allow":["GET"]}}],"collection":[{"href":"https:\/\/www.os-tinje.si\/index.php?rest_route=\/wp\/v2\/pages"}],"about":[{"href":"https:\/\/www.os-tinje.si\/index.php?rest_route=\/wp\/v2\/types\/page"}],"author":[{"embeddable":true,"href":"https:\/\/www.os-tinje.si\/index.php?rest_route=\/wp\/v2\/users\/2887"}],"replies":[{"embeddable":true,"href":"https:\/\/www.os-tinje.si\/index.php?rest_route=%2Fwp%2Fv2%2Fcomments&post=197"}],"version-history":[{"count":15,"href":"https:\/\/www.os-tinje.si\/index.php?rest_route=\/wp\/v2\/pages\/197\/revisions"}],"predecessor-version":[{"id":8814,"href":"https:\/\/www.os-tinje.si\/index.php?rest_route=\/wp\/v2\/pages\/197\/revisions\/8814"}],"wp:attachment":[{"href":"https:\/\/www.os-tinje.si\/index.php?rest_route=%2Fwp%2Fv2%2Fmedia&parent=197"}],"curies":[{"name":"wp","href":"https:\/\/api.w.org\/{rel}","templated":true}]}}