{"id":23,"date":"2012-09-04T22:00:00","date_gmt":"2012-09-04T21:00:00","guid":{"rendered":"http:\/\/os-tinje.splet.arnes.si\/2012\/09\/04\/zaposleni\/"},"modified":"2025-09-10T10:28:19","modified_gmt":"2025-09-10T08:28:19","slug":"zaposleni","status":"publish","type":"page","link":"https:\/\/www.os-tinje.si\/?page_id=23","title":{"rendered":"ZAPOSLENI"},"content":{"rendered":"<h1><span style=\"color: #000000\"><span style=\"font-size: 12pt\"><strong><a href=\"https:\/\/www.os-tinje.si\/files\/2025\/09\/vsi-ucitelji-e1635621335816-947x379-1.jpg\"><img loading=\"lazy\" decoding=\"async\" class=\"wp-image-8930 alignright\" src=\"https:\/\/www.os-tinje.si\/files\/2025\/09\/vsi-ucitelji-e1635621335816-947x379-1.jpg\" alt=\"\" width=\"238\" height=\"95\"><\/a>STROKOVNE DELAVKE IN DELAVCI&nbsp; &nbsp; &nbsp; &nbsp; &nbsp; &nbsp; &nbsp; &nbsp; &nbsp; &nbsp; &nbsp; &nbsp; &nbsp; &nbsp; &nbsp; &nbsp; &nbsp; &nbsp; &nbsp; &nbsp;<\/strong><br \/>\n<\/span><\/span><\/h1>\n<table style=\"height: 727px;width: 682px\" width=\"710\">\n<tbody>\n<tr style=\"height: 41px\">\n<td style=\"width: 55.1625px;height: 41px\">&nbsp;<\/td>\n<td style=\"width: 198.6px;height: 41px\"><span style=\"color: #000000\"><strong>IME IN PRIIMEK<\/strong><\/span><\/td>\n<td style=\"width: 280.825px;height: 41px\"><span style=\"color: #000000\"><strong>OPRAVLJA DELO<\/strong><\/span><\/td>\n<td style=\"text-align: center;width: 123.412px;height: 41px\"><span style=\"color: #000000\"><strong>RAZREDNIK<\/strong><\/span><\/td>\n<\/tr>\n<tr style=\"height: 22px\">\n<td style=\"width: 55.1625px;height: 22px\"><span style=\"color: #000000\"><strong>1.<\/strong><\/span><\/td>\n<td style=\"width: 198.6px;height: 22px\"><span style=\"color: #000000\"><strong> Alojzija Mu\u0161i\u010d<\/strong><\/span><\/td>\n<td style=\"width: 280.825px;height: 22px\"><span style=\"color: #000000\"> Ravnateljica, FIZ 8, FIZ 9<\/span><\/td>\n<td style=\"width: 123.412px;text-align: center;height: 22px\"><span style=\"color: #000000\">\/<\/span><\/td>\n<\/tr>\n<tr style=\"height: 41px\">\n<td style=\"width: 55.1625px;height: 41px\"><span style=\"color: #000000\"><strong>2.<\/strong><\/span><\/td>\n<td style=\"width: 198.6px;height: 41px\"><span style=\"color: #000000\"><strong>Zala Kren<\/strong><\/span><\/td>\n<td style=\"width: 280.825px;height: 41px\"><span style=\"color: #000000\">&nbsp;Razredni pouk<\/span><\/td>\n<td style=\"width: 123.412px;height: 41px;text-align: center\"><span style=\"color: #000000\">1. A<\/span><\/td>\n<\/tr>\n<tr style=\"height: 58px\">\n<td style=\"width: 55.1625px;height: 58px\"><span style=\"color: #000000\"><strong>3.<\/strong><\/span><\/td>\n<td style=\"width: 198.6px;height: 58px\"><span style=\"color: #000000\"><strong>\u0160pela Osrajnik<\/strong><\/span><\/td>\n<td style=\"width: 280.825px;height: 58px\"><span style=\"color: #000000\">Razredni pouk<\/span><\/td>\n<td style=\"text-align: center;width: 123.412px;height: 58px\"><span style=\"color: #000000\">2. A<\/span><\/td>\n<\/tr>\n<tr style=\"height: 41px\">\n<td style=\"width: 55.1625px;height: 41px\"><span style=\"color: #000000\"><strong>4.<\/strong><\/span><\/td>\n<td style=\"width: 198.6px;height: 41px\"><span style=\"color: #000000\"><strong>Silva Kos<\/strong><\/span><\/td>\n<td style=\"width: 280.825px;height: 41px\"><span style=\"color: #000000\">Razredni pouk<br \/>\n<\/span><\/td>\n<td style=\"text-align: center;width: 123.412px;height: 41px\"><span style=\"color: #000000\">3. A<\/span><\/td>\n<\/tr>\n<tr style=\"height: 41px\">\n<td style=\"width: 55.1625px;height: 41px\"><span style=\"color: #000000\"><strong>5.<\/strong><\/span><\/td>\n<td style=\"width: 198.6px;height: 41px\"><span style=\"color: #000000\"><strong>Marta Potr\u010d<\/strong><\/span><\/td>\n<td style=\"width: 280.825px;height: 41px\"><span style=\"color: #000000\">Razredni pouk<\/span><\/td>\n<td style=\"text-align: center;width: 123.412px;height: 41px\"><span style=\"color: #000000\">4. A<\/span><\/td>\n<\/tr>\n<tr style=\"height: 41px\">\n<td style=\"width: 55.1625px;height: 41px\"><span style=\"color: #000000\"><strong>6.<\/strong><\/span><\/td>\n<td style=\"width: 198.6px;height: 41px\"><span style=\"color: #000000\"><strong>Andreja Toma\u017ei\u010d<\/strong><\/span><\/td>\n<td style=\"width: 280.825px;height: 41px\"><span style=\"color: #000000\">Razredni pouk, KNJ<\/span><\/td>\n<td style=\"text-align: center;width: 123.412px;height: 41px\"><span style=\"color: #000000\">5. A<\/span><\/td>\n<\/tr>\n<tr style=\"height: 40px\">\n<td style=\"width: 55.1625px;height: 40px\"><span style=\"color: #000000\"><strong>7.&nbsp;<\/strong><\/span><\/td>\n<td style=\"width: 198.6px;height: 40px\"><span style=\"color: #000000\"><strong>Anita Cizerl<\/strong><\/span><\/td>\n<td style=\"width: 280.825px;height: 40px\"><span style=\"color: #000000\">MAT 6, MAT 7, MAT 8, MAT 9, DOD\/DOP, ISP-NAD, LAB, DSP-PED, ROID, IP-<\/span><\/td>\n<td style=\"text-align: center;width: 123.412px;height: 40px\"><span style=\"color: #000000\">6.&nbsp; A<\/span><\/td>\n<\/tr>\n<tr style=\"height: 41px\">\n<td style=\"width: 55.1625px;height: 41px\"><span style=\"color: #000000\"><strong>8.<\/strong><\/span><\/td>\n<td style=\"width: 198.6px;height: 41px\"><span style=\"color: #000000\"><strong>Bogdana Drozg Oni\u010d<\/strong><\/span><\/td>\n<td style=\"width: 280.825px;height: 41px\"><span style=\"color: #000000\">UBENAR 6, NAR 7, TIT 6, TIT 7, TIT 8, BIO 8, BIO 9, KEM 8, KEM 9, ISP-NAD, ROID<\/span><\/td>\n<td style=\"text-align: center;width: 123.412px;height: 41px\"><span style=\"color: #000000\">7.&nbsp; A<\/span><\/td>\n<\/tr>\n<tr style=\"height: 41px\">\n<td style=\"width: 55.1625px;height: 41px\"><span style=\"color: #000000\"><strong>9.<\/strong><\/span><\/td>\n<td style=\"width: 198.6px;height: 41px\"><span style=\"color: #000000\"><strong>Maja \u0160pes<\/strong><\/span><\/td>\n<td style=\"width: 280.825px;height: 41px\"><span style=\"color: #000000\">SLO 6, SLO 7, SLO 9, SLO 8, ISP-NAD, ROID, PB, DOD\/DOP<\/span><\/td>\n<td style=\"text-align: center;width: 123.412px;height: 41px\"><span style=\"color: #000000\">8. A<\/span><\/td>\n<\/tr>\n<tr style=\"height: 41px\">\n<td style=\"width: 55.1625px;height: 41px\"><span style=\"color: #000000\"><strong>10.<\/strong><\/span><\/td>\n<td style=\"width: 198.6px;height: 41px\"><span style=\"color: #000000\"><strong>Dragica Kri\u017eaj<\/strong><\/span><\/td>\n<td style=\"width: 280.825px;height: 41px\"><span style=\"color: #000000\">TJA 2, TJA 3, TJA 4, TJA 5, TJA 6, TJA 7, TJA 8, TJA 9, ISP-NAD, ROID<\/span><\/td>\n<td style=\"text-align: center;width: 123.412px;height: 41px\"><span style=\"color: #000000\">9. A<\/span><\/td>\n<\/tr>\n<tr style=\"height: 58px\">\n<td style=\"width: 55.1625px;height: 10px\"><span style=\"color: #000000\"><strong>11.<\/strong><\/span><\/td>\n<td style=\"width: 198.6px;height: 10px\"><span style=\"color: #000000\"><strong>Barbara Poto\u010dnik Kolenc<\/strong><\/span><\/td>\n<td style=\"width: 280.825px;height: 10px\"><span style=\"color: #000000\">DSP-SPP, ISP-NAD, \u0160SS<\/span><\/td>\n<td style=\"text-align: center;width: 123.412px;height: 10px\"><span style=\"color: #000000\">\/<\/span><\/td>\n<\/tr>\n<tr style=\"height: 58px\">\n<td style=\"width: 55.1625px;height: 58px\"><span style=\"color: #000000\"><strong>12.&nbsp;<\/strong><\/span><\/td>\n<td style=\"width: 198.6px;height: 58px\"><span style=\"color: #000000\"><strong>Kristijan Ilijevec<\/strong><\/span><\/td>\n<td style=\"width: 280.825px;height: 58px\"><span style=\"color: #000000\">NIP-\u0160PO, \u0160PO 5, \u0160PO 6, \u0160PO 7+9, \u0160PO 8, \u0160ZS, I\u0160P- odbojka, PB<\/span><\/td>\n<td style=\"text-align: center;width: 123.412px;height: 58px\"><span style=\"color: #000000\">\/<\/span><\/td>\n<\/tr>\n<tr style=\"height: 41px\">\n<td style=\"width: 55.1625px;height: 41px\"><span style=\"color: #000000\"><strong>13.<\/strong><\/span><\/td>\n<td style=\"width: 198.6px;height: 41px\"><span style=\"color: #000000\"><strong>Igor Javernik<\/strong><\/span><\/td>\n<td style=\"width: 280.825px;height: 41px\"><span style=\"color: #000000\">GEO 6, GEO 7, GEO 8, GEO 9, ZGO 6\/8, ZGO 6, ZGO 8, PB, ROID, kol. izpit<\/span><\/td>\n<td style=\"text-align: center;width: 123.412px;height: 41px\"><span style=\"color: #000000\">\/<\/span><\/td>\n<\/tr>\n<tr style=\"height: 10px\">\n<td style=\"width: 55.1625px;height: 10px\"><span style=\"color: #000000\"><strong>14.<\/strong><\/span><\/td>\n<td style=\"width: 198.6px;height: 10px\"><span style=\"color: #000000\"><strong>&nbsp;Klara Kos<\/strong><\/span><\/td>\n<td style=\"width: 280.825px;height: 10px\"><span style=\"color: #000000\">Razredni pouk, PB<\/span><\/td>\n<td style=\"text-align: center;width: 123.412px;height: 10px\">&nbsp;<\/td>\n<\/tr>\n<tr style=\"height: 41px\">\n<td style=\"width: 55.1625px;height: 41px\"><span style=\"color: #000000\"><strong>15.<\/strong><\/span><\/td>\n<td style=\"width: 198.6px;height: 41px\"><span style=\"color: #000000\"><strong>Ur\u0161a Kri\u017eanec<\/strong><\/span><\/td>\n<td style=\"width: 280.825px;height: 41px\"><span style=\"color: #000000\">GUM 4, GUM 5, GUM 6, GUM 7+9, GUM 8, OPZ, MPZ<\/span><\/td>\n<td style=\"text-align: center;width: 123.412px;height: 41px\"><span style=\"color: #000000\">\/<\/span><\/td>\n<\/tr>\n<tr style=\"height: 41px\">\n<td style=\"width: 55.1625px;height: 41px\"><span style=\"color: #000000\"><strong>16.<\/strong><\/span><\/td>\n<td style=\"width: 198.6px;height: 41px\"><span style=\"color: #000000\"><strong>Rok Dragi\u010d<\/strong><\/span><\/td>\n<td style=\"width: 280.825px;height: 41px\"><span style=\"color: #000000\">LUM 6, LUM 7+9, LUM 8, LS2, LS3<\/span><\/td>\n<td style=\"text-align: center;width: 123.412px;height: 41px\"><span style=\"color: #000000\">\/<\/span><\/td>\n<\/tr>\n<tr style=\"height: 41px\">\n<td style=\"width: 55.1625px;height: 41px\"><span style=\"color: #000000\"><strong>17.<\/strong><\/span><\/td>\n<td style=\"width: 198.6px;height: 41px\"><span style=\"color: #000000\"><strong>Ur\u0161ka Smole<\/strong><\/span><\/td>\n<td style=\"width: 280.825px;height: 41px\"><span style=\"color: #000000\">PB, DKE 7, DKE 8, TJN\/NIP<br \/>\n<\/span><\/td>\n<td style=\"text-align: center;width: 123.412px;height: 41px\"><span style=\"color: #000000\">\/<\/span><\/td>\n<\/tr>\n<tr style=\"height: 41px\">\n<td style=\"height: 37px;width: 55.1625px\">&nbsp;<\/td>\n<td style=\"height: 37px;width: 198.6px\">&nbsp;<\/td>\n<td style=\"height: 37px;width: 280.825px\">&nbsp;<\/td>\n<td style=\"height: 37px;width: 123.412px;text-align: center\">&nbsp;<\/td>\n<\/tr>\n<\/tbody>\n<\/table>\n<p><img loading=\"lazy\" decoding=\"async\" class=\"aligncenter\" src=\"https:\/\/www.gov.si\/assets\/ministrstva\/MIZS\/Fotografije\/Novice\/TUTI-FRUTI\/Svetovni-dan-uciteljev-UNESCO__FitWzk4MCw5ODAsIjkzOWZlZDU2ODAiXQ.jpg\" alt=\"Svetovni dan u\u010diteljev - 5. oktober | GOV.SI\" width=\"691\" height=\"350\"><\/p>\n<h4>&nbsp;<\/h4>\n<h4><strong><span style=\"color: #000000\">ADMINISTRATIVNI IN TEHNI\u010cNI DELAVCI<\/span><br \/>\n<\/strong><\/h4>\n<table>\n<tbody>\n<tr>\n<td><span style=\"color: #000000\"><strong>IME IN PRIIMEK<\/strong><\/span><\/td>\n<td><span style=\"color: #000000\"><strong>&nbsp;OPRAVLJA DELO<br \/>\n<\/strong><\/span><\/td>\n<\/tr>\n<tr>\n<td><span style=\"color: #000000\">Mojca \u0160ega<\/span><\/td>\n<td><span style=\"color: #000000\">Tajnica VIZ<\/span><\/td>\n<\/tr>\n<tr>\n<td><span style=\"color: #000000\">Marija Juhart<\/span><\/td>\n<td><span style=\"color: #000000\">Ra\u010dunovodkinja<\/span><\/td>\n<\/tr>\n<tr>\n<td><span style=\"color: #000000\">Andreja Jan\u017ei\u010d<\/span><\/td>\n<td><span style=\"color: #000000\">Kuharica<\/span><\/td>\n<\/tr>\n<tr>\n<td><span style=\"color: #000000\">Jo\u017ee Mihelak<\/span><\/td>\n<td><span style=\"color: #000000\">Hi\u0161nik<\/span><\/td>\n<\/tr>\n<tr>\n<td><span style=\"color: #000000\">Du\u0161anka \u0160ega<\/span><\/td>\n<td><span style=\"color: #000000\">Sna\u017eilka<\/span><\/td>\n<\/tr>\n<tr>\n<td><span style=\"color: #000000\">Jana Stegne<\/span><\/td>\n<td><span style=\"color: #000000\">Sna\u017eilka<\/span><\/td>\n<\/tr>\n<tr>\n<td><span style=\"color: #000000\">Sonja Gracej<\/span><\/td>\n<td><span style=\"color: #000000\">Sna\u017eilka<\/span><\/td>\n<\/tr>\n<\/tbody>\n<\/table>\n<p>&nbsp;<\/p>\n","protected":false},"excerpt":{"rendered":"<p>STROKOVNE DELAVKE IN DELAVCI&nbsp; &nbsp; &nbsp; &nbsp; &nbsp; &nbsp; &nbsp; &nbsp; &nbsp; &nbsp; &nbsp; &nbsp; &nbsp; &nbsp; &nbsp; &nbsp; &nbsp; &nbsp; &nbsp; &nbsp; &nbsp; IME IN PRIIMEK OPRAVLJA DELO RAZREDNIK 1. Alojzija Mu\u0161i\u010d Ravnateljica, FIZ 8, FIZ 9 \/ 2. Zala Kren &nbsp;Razredni pouk 1. A 3. \u0160pela Osrajnik Razredni pouk 2. A 4. Silva [&hellip;]<\/p>\n","protected":false},"author":2887,"featured_media":0,"parent":0,"menu_order":10,"comment_status":"closed","ping_status":"open","template":"","meta":{"_et_pb_use_builder":"","_et_pb_old_content":"","_et_gb_content_width":"","ngg_post_thumbnail":0,"footnotes":""},"class_list":["post-23","page","type-page","status-publish","hentry"],"_links":{"self":[{"href":"https:\/\/www.os-tinje.si\/index.php?rest_route=\/wp\/v2\/pages\/23","targetHints":{"allow":["GET"]}}],"collection":[{"href":"https:\/\/www.os-tinje.si\/index.php?rest_route=\/wp\/v2\/pages"}],"about":[{"href":"https:\/\/www.os-tinje.si\/index.php?rest_route=\/wp\/v2\/types\/page"}],"author":[{"embeddable":true,"href":"https:\/\/www.os-tinje.si\/index.php?rest_route=\/wp\/v2\/users\/2887"}],"replies":[{"embeddable":true,"href":"https:\/\/www.os-tinje.si\/index.php?rest_route=%2Fwp%2Fv2%2Fcomments&post=23"}],"version-history":[{"count":15,"href":"https:\/\/www.os-tinje.si\/index.php?rest_route=\/wp\/v2\/pages\/23\/revisions"}],"predecessor-version":[{"id":8940,"href":"https:\/\/www.os-tinje.si\/index.php?rest_route=\/wp\/v2\/pages\/23\/revisions\/8940"}],"wp:attachment":[{"href":"https:\/\/www.os-tinje.si\/index.php?rest_route=%2Fwp%2Fv2%2Fmedia&parent=23"}],"curies":[{"name":"wp","href":"https:\/\/api.w.org\/{rel}","templated":true}]}}