{"id":2501,"date":"2019-03-21T10:14:43","date_gmt":"2019-03-21T09:14:43","guid":{"rendered":"http:\/\/os-tinjenova.splet.arnes.si\/?page_id=2501"},"modified":"2025-10-21T20:58:56","modified_gmt":"2025-10-21T18:58:56","slug":"dokumenti-2","status":"publish","type":"page","link":"https:\/\/www.os-tinje.si\/?page_id=2501","title":{"rendered":"DOKUMENTI"},"content":{"rendered":"<ul>\n<li><strong><a href=\"https:\/\/www.os-tinje.si\/files\/2025\/10\/POROCILO-O-REALIZACIJI-LDN-2024-2025-.pdf\">PORO\u010cILO O REALIZACIJI LDN 2024-2025<\/a><\/strong><\/li>\n<li><strong><a href=\"https:\/\/www.os-tinje.si\/files\/2025\/10\/HISNI-RED-OS-TINJE.pdf\">HI\u0160NI RED O\u0160 TINJE<\/a> <\/strong><\/li>\n<li><strong><a href=\"https:\/\/www.os-tinje.si\/files\/2025\/10\/PRAVILA-SOLSKEGA-REDA.pdf\">PRAVILA \u0160OLSKEGA REDA<\/a><\/strong><\/li>\n<li><strong><span style=\"color: #000000\"><a style=\"color: #000000\" href=\"https:\/\/www.os-tinje.si\/files\/2022\/10\/OBRAZEC-opravicilo-za-odsotnost-od-pouka.pdf\">OBRAZEC opravi\u010dilo za odsotnost od pouka<\/a><\/span><\/strong><\/li>\n<li><strong><span style=\"color: #000000\"><a style=\"color: #000000\" href=\"https:\/\/www.os-tinje.si\/files\/2022\/10\/VLOGA-za-napovedano-odsotnost-od-pouka.pdf\">VLOGA za napovedano odsotnost od pouka<\/a><\/span><\/strong><\/li>\n<\/ul>\n<ul>\n<li><strong><span style=\"color: #000000\"><a style=\"color: #000000\" href=\"https:\/\/www.os-tinje.si\/files\/2022\/11\/NACRT-VARNIH-SOLSKIH-POTI-2022.pdf\">NA\u010cRT VARNIH \u0160OLSKIH POTI 2022<\/a><a style=\"color: #000000\" href=\"http:\/\/os-tinjenova.splet.arnes.si\/files\/2013\/12\/RED.gif\"><img loading=\"lazy\" decoding=\"async\" class=\"wp-image-30 alignright\" src=\"http:\/\/os-tinjenova.splet.arnes.si\/files\/2013\/12\/RED.gif\" alt=\"RED\" width=\"152\" height=\"231\"><\/a><\/span><\/strong><\/li>\n<li><strong><span style=\"color: #000000\"><a style=\"color: #000000\" href=\"https:\/\/www.os-tinje.si\/files\/2022\/11\/DIG_STR_OS_Tinje.pdf\">DIGITALNA&nbsp; STRATEGIJA O\u0160 TINJE<\/a><\/span><\/strong><\/li>\n<\/ul>\n<ul>\n<li><strong><span style=\"color: #000000\"><a style=\"color: #000000\" href=\"http:\/\/os-tinjenova.splet.arnes.si\/files\/2012\/09\/POSLOVNIK-SVETA-ZAVODA-O\u0160-TINJE.pdf\">POSLOVNIK SVETA ZAVODA O\u0160 PARTIZANSKA BOLNI\u0160NICA JESEN TINJE<\/a><\/span><\/strong><\/li>\n<li><strong><span style=\"color: #000000\"><a style=\"color: #000000\" href=\"https:\/\/www.os-tinje.si\/files\/2022\/12\/POSLOVNIK-O-DELU-SVETA-STARSEV.pdf\">POSLOVNIK O DELU SVETA STAR\u0160EV<\/a><\/span><\/strong><strong><br \/>\n<\/strong><\/li>\n<\/ul>\n<ul>\n<li><span style=\"color: #000000\"><a style=\"color: #000000\" href=\"https:\/\/www.os-tinje.si\/files\/2022\/11\/PRAVILA-SOLSKE-PREHRANE-OS-Tinje.pdf\">PRAVILA \u0160OLSKE PREHRANE O\u0160 Tinje<\/a><\/span><\/li>\n<li><strong><span style=\"color: #000000\"><a style=\"color: #000000\" href=\"https:\/\/www.os-tinje.si\/files\/2023\/11\/Spremebe-cenika-prehrane-okt-2023.pdf\">Spremembe cenika prehrane okt 2023<\/a><\/span><\/strong><\/li>\n<li><span style=\"color: #000000\"><a style=\"color: #000000\" href=\"https:\/\/www.os-tinje.si\/files\/2022\/12\/cenik-prehrane-za-trzno-dejavnost.pdf\">CENIK PREHRANE 2021<\/a>&nbsp;<\/span><\/li>\n<li><span style=\"color: #000000\"><a style=\"color: #000000\" href=\"https:\/\/www.os-tinje.si\/files\/2022\/12\/Pravilnik-o-prodaji-blaga-in-storitev-na-trgu-OS-Tinje.pdf\">Pravilnik o prodaji blaga in storitev na trgu O\u0160 Tinje<\/a><\/span><\/li>\n<li><span style=\"color: #000000\"><a style=\"color: #000000\" href=\"https:\/\/www.os-tinje.si\/files\/2021\/10\/ORGANIGRAM.pdf\">ORGANIGRAM<\/a><\/span><\/li>\n<\/ul>\n<p><span style=\"color: #000000\"><strong>DOKUMENTI ZA PRIDOBITEV STATUSA<\/strong><\/span><\/p>\n<ul>\n<li><span style=\"color: #000000\"><a style=\"color: #000000\" href=\"https:\/\/www.os-tinje.si\/files\/2021\/09\/vloga-za-status-umetnik-\u0161portnik-2021.pdf\">Vloga-za-status-umetnik-\u0161portnik<\/a><\/span><\/li>\n<li><span style=\"color: #000000\"><a style=\"color: #000000\" href=\"https:\/\/www.os-tinje.si\/files\/2021\/09\/Pravilnik-o-prilagajanju-\u0161olskih-obveznosti-2021.pdf\">Pravilnik o prilagajanju \u0161olskih obveznosti<\/a><\/span><\/li>\n<\/ul>\n<p><span style=\"color: #000000\"><strong><br \/>\nVZPOSTAVITEV NOTRANJE POTI &#8211; ZZPri<\/strong><\/span><\/p>\n<ul>\n<li><span style=\"color: #000000\"><strong><a style=\"color: #000000\" href=\"https:\/\/www.os-tinje.si\/files\/2023\/05\/Notranja-prijava-krsitve-obrazec-priloga-1.docx\">Notranja prijava kr\u0161itve obrazec priloga 1<\/a><\/strong><\/span><\/li>\n<li><span style=\"color: #000000\"><strong><a style=\"color: #000000\" href=\"https:\/\/www.os-tinje.si\/files\/2023\/05\/Pravilnik-notranja-prijava-Zvizgaci.pdf\">Pravilnik notranja prijava \u017dvi\u017ega\u010di<\/a> <\/strong><\/span><\/li>\n<li><span style=\"color: #000000\"><strong><a style=\"color: #000000\" href=\"https:\/\/www.os-tinje.si\/files\/2023\/05\/ZZPri-spletna-objava.pdf\">ZZPri &#8211; spletna objava<\/a><\/strong><\/span><\/li>\n<\/ul>\n","protected":false},"excerpt":{"rendered":"<p>PORO\u010cILO O REALIZACIJI LDN 2024-2025 HI\u0160NI RED O\u0160 TINJE PRAVILA \u0160OLSKEGA REDA OBRAZEC opravi\u010dilo za odsotnost od pouka VLOGA za napovedano odsotnost od pouka NA\u010cRT VARNIH \u0160OLSKIH POTI 2022 DIGITALNA&nbsp; STRATEGIJA O\u0160 TINJE POSLOVNIK SVETA ZAVODA O\u0160 PARTIZANSKA BOLNI\u0160NICA JESEN TINJE POSLOVNIK O DELU SVETA STAR\u0160EV PRAVILA \u0160OLSKE PREHRANE O\u0160 Tinje Spremembe cenika prehrane okt [&hellip;]<\/p>\n","protected":false},"author":2887,"featured_media":0,"parent":0,"menu_order":0,"comment_status":"closed","ping_status":"closed","template":"","meta":{"_et_pb_use_builder":"","_et_pb_old_content":"","_et_gb_content_width":"","ngg_post_thumbnail":0,"footnotes":""},"class_list":["post-2501","page","type-page","status-publish","hentry"],"_links":{"self":[{"href":"https:\/\/www.os-tinje.si\/index.php?rest_route=\/wp\/v2\/pages\/2501","targetHints":{"allow":["GET"]}}],"collection":[{"href":"https:\/\/www.os-tinje.si\/index.php?rest_route=\/wp\/v2\/pages"}],"about":[{"href":"https:\/\/www.os-tinje.si\/index.php?rest_route=\/wp\/v2\/types\/page"}],"author":[{"embeddable":true,"href":"https:\/\/www.os-tinje.si\/index.php?rest_route=\/wp\/v2\/users\/2887"}],"replies":[{"embeddable":true,"href":"https:\/\/www.os-tinje.si\/index.php?rest_route=%2Fwp%2Fv2%2Fcomments&post=2501"}],"version-history":[{"count":15,"href":"https:\/\/www.os-tinje.si\/index.php?rest_route=\/wp\/v2\/pages\/2501\/revisions"}],"predecessor-version":[{"id":9007,"href":"https:\/\/www.os-tinje.si\/index.php?rest_route=\/wp\/v2\/pages\/2501\/revisions\/9007"}],"wp:attachment":[{"href":"https:\/\/www.os-tinje.si\/index.php?rest_route=%2Fwp%2Fv2%2Fmedia&parent=2501"}],"curies":[{"name":"wp","href":"https:\/\/api.w.org\/{rel}","templated":true}]}}