{"id":27,"date":"2013-12-31T22:00:00","date_gmt":"2013-12-31T21:00:00","guid":{"rendered":"http:\/\/os-tinje.splet.arnes.si\/2013\/12\/31\/solski-koledar\/"},"modified":"2025-09-02T10:21:17","modified_gmt":"2025-09-02T08:21:17","slug":"solski-koledar","status":"publish","type":"page","link":"https:\/\/www.os-tinje.si\/?page_id=27","title":{"rendered":"\u0160olski koledar"},"content":{"rendered":"<h3><strong>\u0160OLSKI KOLEDAR ZA \u0160OLSKO LETO 2025\/2026<\/strong><\/h3>\n<p><a href=\"http:\/\/os-tinjenova.splet.arnes.si\/files\/2021\/01\/osbovec-solski-koledar-233.jpg\"><img loading=\"lazy\" decoding=\"async\" class=\"alignnone wp-image-6024\" src=\"http:\/\/os-tinjenova.splet.arnes.si\/files\/2021\/01\/osbovec-solski-koledar-233-300x147.jpg\" alt=\"\" width=\"447\" height=\"219\"><\/a><\/p>\n<table style=\"height: 1404px;width: 652px\">\n<tbody>\n<tr style=\"height: 23px\">\n<td style=\"height: 23px;width: 251.806px\">\n<h3><strong>Po\u010ditnice, dela prosti dnevi in drugi pomembni datumi<\/strong><\/h3>\n<\/td>\n<td style=\"height: 23px;width: 385.528px\">&nbsp;<\/td>\n<\/tr>\n<tr style=\"height: 51px\">\n<td style=\"height: 51px;width: 251.806px\"><strong>Ponedeljek, 1. 9. 2025<\/strong><\/td>\n<td style=\"height: 51px;width: 385.528px\">ZA\u010cETEK POUKA<\/td>\n<\/tr>\n<tr style=\"height: 75px\">\n<td style=\"height: 75px;width: 251.806px\"><strong>Od ponedeljka, 27. 10. 2025,<\/strong><br \/>\n<strong>do petka, 31. 10. 2025<\/strong><\/td>\n<td style=\"height: 75px;width: 385.528px\">JESENSKE PO\u010cITNICE<\/td>\n<\/tr>\n<tr style=\"height: 51px\">\n<td style=\"height: 51px;width: 251.806px\"><strong>Petek, 31. 10. 2025<\/strong><\/td>\n<td style=\"height: 51px;width: 385.528px\">DAN REFORMACIJE<\/td>\n<\/tr>\n<tr style=\"height: 51px\">\n<td style=\"height: 51px;width: 251.806px\"><strong>Sobota 1. 11. 2025<\/strong><\/td>\n<td style=\"height: 51px;width: 385.528px\">DAN SPOMINA NA MRTVE<\/td>\n<\/tr>\n<tr style=\"height: 51px\">\n<td style=\"height: 51px;width: 251.806px\"><strong>\u010cetrtek, 25. 12. 2025<\/strong><\/td>\n<td style=\"height: 51px;width: 385.528px\">BO\u017dI\u010c<\/td>\n<\/tr>\n<tr style=\"height: 51px\">\n<td style=\"height: 51px;width: 251.806px\"><strong>Petek, 26. 12. 2025<\/strong><\/td>\n<td style=\"height: 51px;width: 385.528px\">DAN SAMOSTOJNOSTI IN ENOTNOSTI<\/td>\n<\/tr>\n<tr style=\"height: 103px\">\n<td style=\"height: 103px;width: 251.806px\"><strong>Od \u010detrtka, 25. 12. 2025,<\/strong><br \/>\n<strong>do petka, 2. 1. 2026<\/strong><\/td>\n<td style=\"height: 103px;width: 385.528px\">NOVOLETNE PO\u010cITNICE<\/td>\n<\/tr>\n<tr style=\"height: 103px\">\n<td style=\"height: 103px;width: 251.806px\"><strong>\u010cetrtek, 1. 1. 2026<\/strong><br \/>\n<strong>Petek, 2. 1. 2026<\/strong><\/td>\n<td style=\"height: 103px;width: 385.528px\">NOVO LETO<\/td>\n<\/tr>\n<tr style=\"height: 51px\">\n<td style=\"height: 51px;width: 251.806px\"><strong>Petek, 30. 1. 2026<\/strong><\/td>\n<td style=\"height: 51px;width: 385.528px\">ZAKLJU\u010cEK 1. OCENJEVALNEGA OBDOBJA<\/td>\n<\/tr>\n<tr style=\"height: 75px\">\n<td style=\"height: 75px;width: 251.806px\"><strong>Nedelja, 8. 2. 2026<\/strong><\/td>\n<td style=\"height: 75px;width: 385.528px\">PRE\u0160ERNOV DAN, SLOVENSKI KULTURNI PRAZNIK<\/td>\n<\/tr>\n<tr style=\"height: 51px\">\n<td style=\"height: 13px;width: 251.806px\"><strong>Petek, 13. 2. 2026<\/strong><br \/>\n<strong>Sobota, 14. 2. 2026<\/strong><\/td>\n<td style=\"height: 13px;width: 385.528px\">INFORMATIVNA DNEVA ZA VPIS V SREDNJE \u0160OLE<\/td>\n<\/tr>\n<tr style=\"height: 103px\">\n<td style=\"height: 48px;width: 251.806px\"><strong>Od ponedeljka, 23. 2. 2026,<\/strong><br \/>\n<strong>do petka, 27. 2. 2026<\/strong><\/td>\n<td style=\"height: 48px;width: 385.528px\">ZIMSKE PO\u010cITNICE<\/td>\n<\/tr>\n<tr style=\"height: 51px\">\n<td style=\"height: 51px;width: 251.806px\"><strong>Ponedeljek, 6. 4. 2026<\/strong><\/td>\n<td style=\"height: 51px;width: 385.528px\">VELIKONO\u010cNI PONEDELJEK<\/td>\n<\/tr>\n<tr style=\"height: 51px\">\n<td style=\"height: 51px;width: 251.806px\"><strong>Ponedeljek, 27. 4. 2026<\/strong><\/td>\n<td style=\"height: 51px;width: 385.528px\">DAN UPORA PROTI OKUPATORJU<\/td>\n<\/tr>\n<tr style=\"height: 103px\">\n<td style=\"height: 103px;width: 251.806px\"><strong>Od ponedeljka, 27. 4. 2026,<\/strong><br \/>\n<strong>do petka, 1. 5. 2026<\/strong><\/td>\n<td style=\"height: 103px;width: 385.528px\">PRVOMAJSKE PO\u010cITNICE<\/td>\n<\/tr>\n<tr style=\"height: 103px\">\n<td style=\"height: 73px;width: 251.806px\"><strong>Petek, 1. 5. 2026<\/strong><br \/>\n<strong>Sobota, 2. 5. 2026<\/strong><\/td>\n<td style=\"height: 73px;width: 385.528px\">PRAZNIK DELA<\/td>\n<\/tr>\n<tr style=\"height: 75px\">\n<td style=\"height: 75px;width: 251.806px\"><strong>Petek, 15. 6. 2026<\/strong><\/td>\n<td style=\"height: 75px;width: 385.528px\">ZAKLJU\u010cEK 2. OCENJEVALNEGA OBDOBJA ZA U\u010cENCE 9. RAZREDA; RAZDELITEV SPRI\u010cEVAL IN OBVESTIL<\/td>\n<\/tr>\n<tr style=\"height: 151px\">\n<td style=\"height: 151px;width: 251.806px\"><strong>Sreda, 24. 6. 2026<\/strong><\/td>\n<td style=\"height: 151px;width: 385.528px\">ZAKLJU\u010cEK 2. OCENJEVALNEGA OBDOBJA ZA U\u010cENCE OD 1. DO 8. RAZREDA; RAZDELITEV SPRI\u010cEVAL IN OBVESTIL;<\/p>\n<p>POUK IN PROSLAVA PRED DNEVOM DR\u017dAVNOSTI<\/td>\n<\/tr>\n<tr style=\"height: 51px\">\n<td style=\"height: 51px;width: 251.806px\"><strong>\u010cetrtek, 25. 6. 2026<\/strong><\/td>\n<td style=\"height: 51px;width: 385.528px\">DAN DR\u017dAVNOSTI<\/td>\n<\/tr>\n<tr style=\"height: 103px\">\n<td style=\"height: 103px;width: 251.806px\"><strong>Od petka, 26. 6. 2026,<\/strong><br \/>\n<strong>do ponedeljka, 31. 8. 2026<\/strong><\/td>\n<td style=\"height: 103px;width: 385.528px\">POLETNE PO\u010cITNICE<\/td>\n<\/tr>\n<\/tbody>\n<\/table>\n<p>&nbsp;<\/p>\n<table>\n<tbody>\n<tr>\n<td colspan=\"3\" width=\"652\"><strong>Izpitni roki za predmetne in popravne izpite<\/strong><\/td>\n<\/tr>\n<tr>\n<td width=\"255\"><strong>16. 6. &#8211; 30. 6. 2026<\/strong><\/td>\n<td width=\"192\"><strong>1. rok<\/strong><\/td>\n<td width=\"205\"><strong>U\u010denci 9. razreda<\/strong><\/td>\n<\/tr>\n<tr>\n<td width=\"255\"><strong>26. 6. &#8211; 9. 7. 2026<\/strong><\/td>\n<td width=\"192\"><strong>1. rok<\/strong><\/td>\n<td width=\"205\"><strong>U\u010denci od 1. do 8. razreda<\/strong><\/td>\n<\/tr>\n<tr>\n<td width=\"255\"><strong>18. 8. &#8211; 31. 8. 2026<\/strong><\/td>\n<td width=\"192\"><strong>2. rok<\/strong><\/td>\n<td width=\"205\"><strong>U\u010denci od 1. do 9. razreda<\/strong><\/td>\n<\/tr>\n<\/tbody>\n<\/table>\n<p>&nbsp;<\/p>\n<p>&nbsp;<\/p>\n","protected":false},"excerpt":{"rendered":"<p>\u0160OLSKI KOLEDAR ZA \u0160OLSKO LETO 2025\/2026 Po\u010ditnice, dela prosti dnevi in drugi pomembni datumi &nbsp; Ponedeljek, 1. 9. 2025 ZA\u010cETEK POUKA Od ponedeljka, 27. 10. 2025, do petka, 31. 10. 2025 JESENSKE PO\u010cITNICE Petek, 31. 10. 2025 DAN REFORMACIJE Sobota 1. 11. 2025 DAN SPOMINA NA MRTVE \u010cetrtek, 25. 12. 2025 BO\u017dI\u010c Petek, 26. 12. [&hellip;]<\/p>\n","protected":false},"author":2887,"featured_media":0,"parent":0,"menu_order":7,"comment_status":"closed","ping_status":"open","template":"","meta":{"_et_pb_use_builder":"","_et_pb_old_content":"","_et_gb_content_width":"","ngg_post_thumbnail":0,"footnotes":""},"class_list":["post-27","page","type-page","status-publish","hentry"],"_links":{"self":[{"href":"https:\/\/www.os-tinje.si\/index.php?rest_route=\/wp\/v2\/pages\/27","targetHints":{"allow":["GET"]}}],"collection":[{"href":"https:\/\/www.os-tinje.si\/index.php?rest_route=\/wp\/v2\/pages"}],"about":[{"href":"https:\/\/www.os-tinje.si\/index.php?rest_route=\/wp\/v2\/types\/page"}],"author":[{"embeddable":true,"href":"https:\/\/www.os-tinje.si\/index.php?rest_route=\/wp\/v2\/users\/2887"}],"replies":[{"embeddable":true,"href":"https:\/\/www.os-tinje.si\/index.php?rest_route=%2Fwp%2Fv2%2Fcomments&post=27"}],"version-history":[{"count":15,"href":"https:\/\/www.os-tinje.si\/index.php?rest_route=\/wp\/v2\/pages\/27\/revisions"}],"predecessor-version":[{"id":8933,"href":"https:\/\/www.os-tinje.si\/index.php?rest_route=\/wp\/v2\/pages\/27\/revisions\/8933"}],"wp:attachment":[{"href":"https:\/\/www.os-tinje.si\/index.php?rest_route=%2Fwp%2Fv2%2Fmedia&parent=27"}],"curies":[{"name":"wp","href":"https:\/\/api.w.org\/{rel}","templated":true}]}}