{"id":3091,"date":"2020-03-13T11:44:46","date_gmt":"2020-03-13T10:44:46","guid":{"rendered":"http:\/\/os-tinjenova.splet.arnes.si\/?page_id=3091"},"modified":"2021-01-06T17:15:48","modified_gmt":"2021-01-06T16:15:48","slug":"pouk-preko-spleta","status":"publish","type":"page","link":"https:\/\/www.os-tinje.si\/?page_id=3091","title":{"rendered":"POUK PREKO SPLETA"},"content":{"rendered":"<p><span style=\"color: #000000\">S ponedeljkom, 16. 3. 2020 bodo \u0161ole in vrtci po vsej Sloveniji zaprli svoja vrata. V tem \u010dasu bo za u\u010dence na\u0161e \u0161ole pouk potekal v prilagojeni obliki, na daljavo. U\u010ditelji bodo seznanjali u\u010dence z nalogami in drugim delom na \u0161olski spletni strani v zavihku POUK PREKO SPLETA, u\u010dence od 6. do 9. razreda pa tudi po elektronski po\u0161ti. U\u010denci bodo sami s pomo\u010djo svetovanih gradiv (u\u010dbeniki, delovni zvezki, e-gradiva \u2026) opravljali naloge praviloma v zvezke posameznih predmetov. Za naloge, ki jih morda ne bodo znali re\u0161iti, naj zapi\u0161ejo vzrok. Pregled opravljenih nalog bodo u\u010ditelji opravili, ko bo ponovno stekel pouk v \u0161oli.\u00a0<\/span><\/p>\n<p><a href=\"http:\/\/os-tinjenova.splet.arnes.si\/files\/2018\/09\/Brez-naslova-2.png\">\u00a0\u00a0 <\/a><\/p>\n<p><a href=\"http:\/\/os-tinjenova.splet.arnes.si\/files\/2018\/09\/Brez-naslova-2.png\"><img loading=\"lazy\" decoding=\"async\" class=\"wp-image-2689 aligncenter\" src=\"http:\/\/os-tinjenova.splet.arnes.si\/files\/2018\/09\/Brez-naslova-2.png\" alt=\"\" width=\"270\" height=\"321\" srcset=\"https:\/\/www.os-tinje.si\/files\/2018\/09\/Brez-naslova-2.png 392w, https:\/\/www.os-tinje.si\/files\/2018\/09\/Brez-naslova-2-252x300.png 252w\" sizes=\"(max-width: 270px) 100vw, 270px\" \/><\/a><\/p>\n","protected":false},"excerpt":{"rendered":"<p>S ponedeljkom, 16. 3. 2020 bodo \u0161ole in vrtci po vsej Sloveniji zaprli svoja vrata. V tem \u010dasu bo za u\u010dence na\u0161e \u0161ole pouk potekal v prilagojeni obliki, na daljavo. U\u010ditelji bodo seznanjali u\u010dence z nalogami in drugim delom na \u0161olski spletni strani v zavihku POUK PREKO SPLETA, u\u010dence od 6. do 9. razreda pa [&hellip;]<\/p>\n","protected":false},"author":2887,"featured_media":0,"parent":0,"menu_order":0,"comment_status":"closed","ping_status":"closed","template":"","meta":{"_et_pb_use_builder":"off","_et_pb_old_content":"","_et_gb_content_width":"","ngg_post_thumbnail":0,"footnotes":""},"class_list":["post-3091","page","type-page","status-publish","hentry"],"_links":{"self":[{"href":"https:\/\/www.os-tinje.si\/index.php?rest_route=\/wp\/v2\/pages\/3091","targetHints":{"allow":["GET"]}}],"collection":[{"href":"https:\/\/www.os-tinje.si\/index.php?rest_route=\/wp\/v2\/pages"}],"about":[{"href":"https:\/\/www.os-tinje.si\/index.php?rest_route=\/wp\/v2\/types\/page"}],"author":[{"embeddable":true,"href":"https:\/\/www.os-tinje.si\/index.php?rest_route=\/wp\/v2\/users\/2887"}],"replies":[{"embeddable":true,"href":"https:\/\/www.os-tinje.si\/index.php?rest_route=%2Fwp%2Fv2%2Fcomments&post=3091"}],"version-history":[{"count":8,"href":"https:\/\/www.os-tinje.si\/index.php?rest_route=\/wp\/v2\/pages\/3091\/revisions"}],"predecessor-version":[{"id":6067,"href":"https:\/\/www.os-tinje.si\/index.php?rest_route=\/wp\/v2\/pages\/3091\/revisions\/6067"}],"wp:attachment":[{"href":"https:\/\/www.os-tinje.si\/index.php?rest_route=%2Fwp%2Fv2%2Fmedia&parent=3091"}],"curies":[{"name":"wp","href":"https:\/\/api.w.org\/{rel}","templated":true}]}}