{"id":338,"date":"2014-04-04T09:33:42","date_gmt":"2014-04-04T08:33:42","guid":{"rendered":"http:\/\/os-tinje.splet.arnes.si\/2014\/04\/04\/npz-2\/"},"modified":"2024-09-29T22:34:45","modified_gmt":"2024-09-29T20:34:45","slug":"npz-2","status":"publish","type":"page","link":"https:\/\/www.os-tinje.si\/?page_id=338","title":{"rendered":"NACIONALNO PREVERJANJE ZNANJA"},"content":{"rendered":"<p class=\"style73\" style=\"text-align: justify\"><span style=\"color: #000000\">NPZ je poseben postopek preverjanja znanja, pri katerem imajo vse u\u010denke in vsi u\u010denci mo\u017enosti, da poka\u017eejo svoje znanje. To pomeni, da vsi opravljajo enake naloge, pod enakimi pogoji. Pripravljajo jih u\u010diteljice in u\u010ditelji skupaj s strokovnjaki za posamezne predmete in s strokovnjaki za sestavljanje tovrstnega preverjanja znanja. Preverja se le tisto znanje, ki ga vsebujejo u\u010dni na\u010drti, in to na na\u010din, ki ga u\u010denke in u\u010denci poznajo iz vsakodnevnega \u0161olskega dela. Nacionalno preverjanje znanja&nbsp; je obvezno za vse u\u010dence 6. in 9. razreda.<\/span><\/p>\n<p class=\"style73\" style=\"text-align: justify\"><span style=\"color: #000000\"><strong>&nbsp;<\/strong><strong>NPZ V \u0160OLSKEM LETU 2024\/25<\/strong><\/span><\/p>\n<p>Po kon\u010danem drugem VIO, ob koncu 6. razreda, u\u010denci obvezno opravljajo nacionalni preizkus<br \/>\nznanja iz sloven\u0161\u010dine, matematike in angle\u0161\u010dine. Rezultat ne vpliva na u\u010dni uspeh u\u010denca.<\/p>\n<p>Tudi ob koncu 9. razreda so nacionalni preizkusi obvezni, vendar rezultat ne vpliva na u\u010dni<a href=\"http:\/\/os-tinjenova.splet.arnes.si\/files\/2021\/01\/npz.jpg\"><img loading=\"lazy\" decoding=\"async\" class=\"size-medium wp-image-6048 alignright\" src=\"http:\/\/os-tinjenova.splet.arnes.si\/files\/2021\/01\/npz-300x172.jpg\" alt=\"\" width=\"300\" height=\"172\"><\/a><br \/>\nuspeh u\u010denca. Preizkus znanja opravljajo iz sloven\u0161\u010dine, matematike in predmeta, ki ga dolo\u010di<br \/>\nminister, pristojen za podro\u010dje \u0161olstva. Na na\u0161i \u0161oli bo preverjanje potekalo iz predmeta<br \/>\nangle\u0161\u010dina.<\/p>\n<p class=\"style73\" style=\"text-align: justify\">&nbsp;<\/p>\n<h4 style=\"text-align: left\"><span style=\"color: #000000\"><strong><span style=\"text-decoration: underline\">RAZPORED ZA \u0160OLSKO LETO 2024\/2025<\/span><\/strong><\/span><\/h4>\n<p><strong>6. IN 9. RAZRED:<\/strong><\/p>\n<p><strong>24. marec 2025 \u2013<\/strong> <strong>sloven\u0161\u010dina,<\/strong><\/p>\n<p><strong>27. marec 2025 \u2013 matematika<\/strong><\/p>\n<p><strong>1.april \u2013 tuj jezik (6. razred), tretji predmet (v tem \u0161olskem letu je bila izbrana angle\u0161\u010dina) za 9. razred.<\/strong><\/p>\n<p>&nbsp;<\/p>\n<p style=\"text-align: justify\"><span style=\"text-decoration: underline;color: #993300\"><strong><span style=\"color: #000000;text-decoration: underline\">Z NPZ \u017dELIMO:<\/span><br \/>\n<\/strong><\/span><\/p>\n<ul>\n<li><span style=\"color: #000000\">pridobiti dodatno informacijo o znanju u\u010dencev, ki je namenjena u\u010dencem in njihovim star\u0161em, u\u010diteljem, \u0161olam in sistemu na nacionalni ravni,<\/span><\/li>\n<li><span style=\"color: #000000\">prispevati k bolj\u0161i kakovosti u\u010denja, pou\u010devanja in znanja,<\/span><\/li>\n<li><span style=\"color: #000000\">pomagati pri u\u010dinkovitem sprotnem preverjanju kakovosti u\u010dnih na\u010drtov,<\/span><\/li>\n<li><span style=\"color: #000000\">prispevati k zagotavljanju enakih izobra\u017eevalnih mo\u017enosti za vse u\u010denke in u\u010dence,<\/span><\/li>\n<li><span style=\"color: #000000\">prispevati k bolj enotnim kriterijem u\u010diteljevega ocenjevanja znanja,<\/span><\/li>\n<li><span style=\"color: #000000\">razvijati sposobnosti u\u010dencev za kriti\u010dno presojo lastnih dose\u017ekov.<\/span><\/li>\n<\/ul>\n<p style=\"text-align: justify\"><span style=\"color: #000000\"><strong>&nbsp;<\/strong><strong>ALI NAJ BI STAR\u0160I OTROKE POSEBEJ PRIPRAVLJALI NA NPZ? <\/strong><\/span><\/p>\n<p style=\"text-align: justify\"><span style=\"color: #000000\">Za NPZ niso potrebne nobene posebne priprave, prav tako ni poskusnega preverjanja znanja. Namen namre\u010d ni ocenjevanje znanja posameznih u\u010denk in u\u010dencev in njihov dose\u017eek nima nobenega vpliva niti na \u0161olske ocene niti na prehod na srednje \u0161ole. Z NPZ \u017eelimo dobiti le vpogled v to, v kolik\u0161ni meri v Sloveniji uresni\u010dujemo cilje, ki smo jih postavili z u\u010dnimi na\u010drti. Najbolj\u0161a podpora u\u010denkam in u\u010dencem pri NPZ je zatorej tak\u0161no ravnanje star\u0161ev, ki je tudi druga\u010de pomembno za uspeh njihovih otrok v \u0161oli:<\/span><\/p>\n<ul>\n<li><span style=\"color: #000000\">sprotno spremljanje njihovega \u0161olskega dela,<\/span><\/li>\n<li><span style=\"color: #000000\">nenehen stik z u\u010ditelji in drugimi strokovnimi delavci \u0161ole,<\/span><\/li>\n<li><span style=\"color: #000000\">spodbuda in pomo\u010d pri vsakdanjih \u0161olskih obveznostih,<\/span><\/li>\n<li><span style=\"color: #000000\">pohvale za njihov trud in prizadevanje,<\/span><\/li>\n<li><span style=\"color: #000000\">razumevanje otrokovih te\u017eav in pomo\u010d pri premagovanju teh te\u017eav,<\/span><\/li>\n<li><span style=\"color: #000000\">izra\u017eanje naklonjenosti otrokom tudi takrat, ko jim ne gre vse od rok tako, kakor bi si \u017eeleli.<\/span><\/li>\n<\/ul>\n<p style=\"text-align: justify\"><span style=\"color: #993300\"><span style=\"color: #000000\"><strong>V<\/strong><\/span><strong><span style=\"color: #000000\">REDNOTENJE NALOG NPZ<\/span><br \/>\n<\/strong><\/span>Vrednotenje nalog NPZ &nbsp;organizira in izvede ZRS\u0160 v skladu z navodili za vrednotenje nalog. Vrednotenje nalog je elektronsko.<\/p>\n<p style=\"text-align: justify\"><span style=\"color: #993300\"><strong><span style=\"color: #000000\">SEZNANITEV Z DOSE\u017dKI<\/span><br \/>\n<\/strong><\/span>U\u010denci in njihovi star\u0161i imajo pravico do vpogleda v u\u010den\u010deve ovrednotene pisne naloge NPZ. Do nalog dostopajo preko ra\u010dunalnika s \u0161ifro, ki jo u\u010denci pridobijo v \u0161oli. U\u010dencem se dose\u017eki, ki so izra\u017eeni v to\u010dkah in v odstotku, vpi\u0161ejo v obrazec &nbsp;Obvestilo o dose\u017ekih na NPZ, ki ga prejmejo ob kon\u010danem pouku.<\/p>\n<p style=\"text-align: justify\"><strong>PODROBNEJ\u0160E INFORMACIJE NAJDETE NA SPLETNI STRANI<\/strong><br \/>\n<a href=\"http:\/\/www.ric.si\/preverjanje_znanja\/splosne_informacije\/\">http:\/\/www.ric.si\/preverjanje_znanja\/splosne_informacije\/<\/a><\/p>\n<p style=\"text-align: justify\"><span style=\"color: #993300\"><strong>&nbsp;<\/strong><\/span><\/p>\n","protected":false},"excerpt":{"rendered":"<p>NPZ je poseben postopek preverjanja znanja, pri katerem imajo vse u\u010denke in vsi u\u010denci mo\u017enosti, da poka\u017eejo svoje znanje. To pomeni, da vsi opravljajo enake naloge, pod enakimi pogoji. Pripravljajo jih u\u010diteljice in u\u010ditelji skupaj s strokovnjaki za posamezne predmete in s strokovnjaki za sestavljanje tovrstnega preverjanja znanja. Preverja se le tisto znanje, ki ga [&hellip;]<\/p>\n","protected":false},"author":2887,"featured_media":337,"parent":0,"menu_order":1,"comment_status":"closed","ping_status":"open","template":"","meta":{"_et_pb_use_builder":"","_et_pb_old_content":"","_et_gb_content_width":"","ngg_post_thumbnail":0,"footnotes":""},"class_list":["post-338","page","type-page","status-publish","has-post-thumbnail","hentry"],"_links":{"self":[{"href":"https:\/\/www.os-tinje.si\/index.php?rest_route=\/wp\/v2\/pages\/338","targetHints":{"allow":["GET"]}}],"collection":[{"href":"https:\/\/www.os-tinje.si\/index.php?rest_route=\/wp\/v2\/pages"}],"about":[{"href":"https:\/\/www.os-tinje.si\/index.php?rest_route=\/wp\/v2\/types\/page"}],"author":[{"embeddable":true,"href":"https:\/\/www.os-tinje.si\/index.php?rest_route=\/wp\/v2\/users\/2887"}],"replies":[{"embeddable":true,"href":"https:\/\/www.os-tinje.si\/index.php?rest_route=%2Fwp%2Fv2%2Fcomments&post=338"}],"version-history":[{"count":15,"href":"https:\/\/www.os-tinje.si\/index.php?rest_route=\/wp\/v2\/pages\/338\/revisions"}],"predecessor-version":[{"id":8278,"href":"https:\/\/www.os-tinje.si\/index.php?rest_route=\/wp\/v2\/pages\/338\/revisions\/8278"}],"wp:featuredmedia":[{"embeddable":true,"href":"https:\/\/www.os-tinje.si\/index.php?rest_route=\/wp\/v2\/media\/337"}],"wp:attachment":[{"href":"https:\/\/www.os-tinje.si\/index.php?rest_route=%2Fwp%2Fv2%2Fmedia&parent=338"}],"curies":[{"name":"wp","href":"https:\/\/api.w.org\/{rel}","templated":true}]}}