{"id":349,"date":"2014-04-18T17:19:45","date_gmt":"2014-04-18T16:19:45","guid":{"rendered":"http:\/\/os-tinje.splet.arnes.si\/2014\/04\/18\/pp\/"},"modified":"2018-02-27T17:59:01","modified_gmt":"2018-02-27T16:59:01","slug":"pp","status":"publish","type":"page","link":"https:\/\/www.os-tinje.si\/?page_id=349","title":{"rendered":"U\u010cENCI S PP"},"content":{"rendered":"<p style=\"text-align: justify\"><span style=\"font-size: 12pt\"><span style=\"color: #000000\"><strong>OTROCI IN MLADOSTNIKI S POSEBNIMI VZGOJNO-IZOBRA\u017dEVALNIMI POTREBAMI: <\/strong><\/span><\/span><\/p>\n<p><span style=\"font-size: 12pt\"><span style=\"color: #000000\">Usmerjanje otrok in mladostnikov s posebnimi potrebami se izvaja na osnovi <strong><a href=\"http:\/\/www.zrss.si\/default.asp?rub=207\" target=\"_blank\">Zakona o usmerjanju otrok s posebnimi potrebami (ZUOPP-1)<\/a><\/strong>, podzakonskih aktov s podro\u010dja usmerjanja otrok s posebnimi potrebami in Zakona o splo\u0161nem upravnem postopku.<\/span><\/span><\/p>\n<p><span style=\"font-size: 12pt\"><span style=\"color: #000000\"><strong>1. NAMEN IZVEDBE POSTOPKA USMERJANJA (PU):<\/strong><\/span><\/span><\/p>\n<p style=\"text-align: justify\"><span style=\"font-size: 12pt\"><span style=\"color: #000000\">Usmerjanje je namenjeno otrokom s posebnimi potrebami, ki za uspe\u0161no vklju\u010devanje v proces vzgoje in izobra\u017eevanja, potrebujejo ustrezne programe vzgoje in izobra\u017eevanja ter zagotovitev razli\u010dnih na\u010dinov, oblik\u00a0 pomo\u010di ter prilagoditev.<\/span><\/span><\/p>\n<div style=\"text-align: justify\">\n<p><span style=\"font-size: 12pt\"><span style=\"color: #000000\"><strong>2. KDO SO OTROCI S POSEBNIMI POTREBAMI?<\/strong><\/span><\/span><\/p>\n<\/div>\n<p style=\"text-align: justify\"><span style=\"font-size: 12pt\"><span style=\"color: #000000\">Po Zakonu o usmerjanju otrok s posebnimi potrebami so to:<\/span><\/span><\/p>\n<div style=\"text-align: justify\">\n<ul>\n<li><span style=\"font-size: 12pt\"><span style=\"color: #000000\"><a href=\"http:\/\/www.zrss.si\/default.asp?rub=3492\">otroci z motnjami v du\u0161evnem razvoju,<\/a><\/span><\/span><\/li>\n<li><span style=\"font-size: 12pt\"><span style=\"color: #000000\"><a href=\"http:\/\/www.zrss.si\/default.asp?rub=3496\">gluhi in naglu\u0161ni otroci<\/a><\/span><\/span><\/li>\n<li><span style=\"font-size: 12pt\"><span style=\"color: #000000\"><a href=\"http:\/\/www.zrss.si\/default.asp?rub=3494\">slepi in slabovidni otroci<\/a>,<\/span><\/span><\/li>\n<li><span style=\"font-size: 12pt\"><span style=\"color: #000000\"><a href=\"http:\/\/www.zrss.si\/default.asp?rub=3498\">otroci z govorno-jezikovnimi motnjami,<\/a><\/span><\/span><\/li>\n<li><span style=\"font-size: 12pt\"><span style=\"color: #000000\"><a href=\"http:\/\/www.zrss.si\/default.asp?rub=3500\">gibalno ovirani otroci,<\/a><\/span><\/span><\/li>\n<li><span style=\"font-size: 12pt\"><span style=\"color: #000000\"><a href=\"http:\/\/www.zrss.si\/default.asp?rub=3504\">otroci s primanjkljaji na posameznih podro\u010djih u\u010denja<\/a>,<\/span><\/span><\/li>\n<li><span style=\"font-size: 12pt\"><span style=\"color: #000000\"><a href=\"http:\/\/www.zrss.si\/default.asp?rub=3502\">dolgotrajno bolni otroci<\/a>,<\/span><\/span><\/li>\n<li><span style=\"font-size: 12pt\"><span style=\"color: #000000\"><a href=\"http:\/\/www.zrss.si\/default.asp?rub=3506\">otroci s \u010dustvenimi in vedenjskimi motnjami<\/a> in<\/span><\/span><\/li>\n<li><span style=\"font-size: 12pt\"><span style=\"color: #000000\"><a href=\"http:\/\/www.zrss.si\/default.asp?rub=8578\">otroci z avtisti\u010dnimi motnjami<\/a>.<\/span><\/span><\/li>\n<\/ul>\n<p><span style=\"font-size: 12pt\"><span style=\"color: #000000\"><strong>3. <\/strong><strong>KDAJ IN KAKO ZA\u010cETI POSTOPEK USMERJANJA?<\/strong><\/span><\/span><\/p>\n<\/div>\n<p style=\"text-align: justify\"><span style=\"font-size: 12pt\"><span style=\"color: #000000\">Star\u0161i \u2013\u00a0 skrbniki, lahko tudi starej\u0161i mladoletnik (oseba starej\u0161a od 15 let) ali polnoletna oseba vlo\u017eijo <strong>ZAHTEVO ZA UVEDBO POSTOPKA USMERJANJA<\/strong> na pristojni <strong>obmo\u010dni enoti Zavoda<\/strong> RS <strong>za \u0161olstvo,<\/strong> glede na kraj stalnega prebivali\u0161\u010da otroka s posebnimi.<\/span><\/span><\/p>\n<p style=\"text-align: justify\"><span style=\"font-size: 12pt\"><span style=\"color: #000000\">Za\u00a0 PODRAVSKO REGIJO JE TO:\u00a0 <strong>OE Maribor, Trg revolucije 7, 2000 Maribor<\/strong><\/span><\/span><\/p>\n<p style=\"text-align: justify\"><span style=\"font-size: 12pt\"><span style=\"color: #000000\"><strong>Vlagatelj <\/strong>pa je lahko tudi <strong>vzgojno-izobra\u017eevalni oz. socialno varstveni zavod, VENDAR <\/strong>le v primeru, kadar oceni, da je program, v katerega je otrok vklju\u010den, neustrezen, in otrok na dolo\u010denih podro\u010djih oz. pri dolo\u010denih predmetih ne dosega minimalnih standardov znanja. Osnovna \u0161ola je lahko vlagatelj, kadar kljub delu z otrokom v skladu s <strong><a href=\"http:\/\/www.mss.gov.si\/fileadmin\/mss.gov.si\/pageuploads\/ministrstvo\/Publikacije\/Koncept_dela_Ucne_tezave_v_OS.pdf\">Konceptom dela \u00bbU\u010dne te\u017eave v osnovni \u0161oli<\/a>\u00ab <\/strong>(v nadaljevanju <strong>Koncept<\/strong>), upo\u0161tevanjem individualizacije in diferenciacije dela ter ponavljanju razreda otrok ne napreduje, star\u0161i pa ne \u017eelijo podati zahteve za uvedbo postopka usmerjanja.<\/span><\/span><\/p>\n<p style=\"text-align: justify\"><span style=\"font-size: 12pt\"><span style=\"color: #000000\">Zahteva za uvedbo postopka usmerjanja se vro\u010di star\u0161em ali\u00a0polnoletni osebi, ki pa lahko s podpisom na zahtevi potrdi-jo, da so bili obve\u0161\u010deni o postopku usmerjanja (PU) in s tem podajo tudi soglasje za pridobivanje psiholo\u0161ke in medicinske dokumentacije.<\/span><\/span><\/p>\n<div style=\"text-align: justify\"><span style=\"font-size: 12pt\"><span style=\"color: #000000\"><strong>4. UPO\u0160TEVANE STOPNJE POMO\u010cI<\/strong> v \u0161oli glede na <a href=\"http:\/\/www.mss.gov.si\/fileadmin\/mss.gov.si\/pageuploads\/ministrstvo\/Publikacije\/Koncept_dela_Ucne_tezave_v_OS.pdf\">Koncept dela \u00bbU\u010dne te\u017eave v osnovni \u0161oli<\/a>\u00ab.<\/span><\/span><\/div>\n<p style=\"text-align: justify\"><span style=\"font-size: 12pt\"><span style=\"color: #000000\">Pri u\u010dencih z u\u010dnimi te\u017eavami je potrebno <strong>pred uvedbo postopka usmerjanja<\/strong> upo\u0161tevati <strong><span style=\"text-decoration: underline\">PET OSNOVNIH STOPENJ POMO\u010cI<\/span><\/strong>:<strong> 1. pomo\u010d u\u010ditelja, 2. pomo\u010d \u0161olske svetovalne slu\u017ebe, 3. dodatno individualno in skupinsko pomo\u010d na \u0161oli, 4. mnenje in pomo\u010d zunanje strokovne ustanove. Peti korak<\/strong> je mo\u017een \u0161ele v primeru, ko \u0161olski strokovni tim <span style=\"text-decoration: underline\">ugotovi,<\/span> da u\u010denec z izrazitimi u\u010dnimi te\u017eavami <span style=\"text-decoration: underline\">potrebuje ve\u010d pomo\u010di in prilagoditev<\/span> ali spremembo programa vzgoje in izobra\u017eevanja. Star\u0161em predlagajo uvedbo postopka usmerjanja <strong>le v primeru,<\/strong> ko prvi \u0161tirje koraki niso pripeljali do \u017eelenega napredka pri otroku.<\/span><\/span><\/p>\n<div style=\"text-align: justify\">\n<p><span style=\"font-size: 12pt\"><span style=\"color: #000000\"><strong>5. <\/strong><strong>POTEK POSTOPKA USMERJANJA<\/strong><strong> \u2013 ZAHTEVANA DOKUMENTACIJA<\/strong><\/span><\/span><\/p>\n<\/div>\n<p style=\"text-align: justify\"><span style=\"font-size: 12pt\"><span style=\"color: #000000\">\u00a0<\/span><\/span><\/p>\n<p style=\"text-align: justify\"><span style=\"font-size: 12pt\"><span style=\"color: #000000\">Star\u0161 oz. vlagatelj\u00a0 k <strong><a href=\"http:\/\/www.zrss.si\/default.asp?rub=208\" target=\"_blank\">zahtevi za uvedbo PU <\/a><\/strong> mora\u00a0 obvezno <strong>prilo\u017eiti <\/strong>razpolo\u017eljivo <strong>strokovno dokumentacijo<\/strong> (zdravstvena, psiholo\u0161ka, specialno-pedago\u0161ka, socialna in druga poro\u010dila); v primeru u\u010denca oz. dijaka pa <strong><a href=\"http:\/\/www.zrss.si\/default.asp?rub=208\" target=\"_blank\">poro\u010dilo vzgojno-izobra\u017eevalnega oz. socialnovarstvenega zavoda o otroku<\/a><\/strong>.<\/span><\/span><\/p>\n<p style=\"text-align: justify\"><span style=\"font-size: 12pt\"><span style=\"color: #000000\">Del strokovne dokumentacije je tudi <strong><a href=\"http:\/\/www.zrss.si\/default.asp?rub=208\" target=\"_blank\">zapis pogovora z otrokom o postopku usmerjanja<\/a><\/strong>, razen \u010de ga zaradi njegove starosti ali sposobnosti razumevanja okoli\u0161\u010din ni mogo\u010de opraviti. Zapis pogovora z otrokom je del zahteve za uvedbo PU in ga opravi strokovna slu\u017eba v vzgojno-izobra\u017eevalni ustanovi, ki jo otrok obiskuje.<\/span><\/span><\/p>\n<p style=\"text-align: justify\"><span style=\"font-size: 12pt\"><span style=\"color: #000000\">Postopek usmerjanja se za\u010dne \u0161ele, ko Zavod RS za \u0161olstvo <strong>prejme popolno zahtevo.<\/strong> Svetovalec Zavoda RS za \u0161olstvo, ki vodi postopek usmerjanja, zaprosi za strokovno mnenje eno od komisij za usmerjanje otrok s posebnimi potrebami.<\/span><\/span><\/p>\n<div style=\"text-align: justify\">\n<p><span style=\"font-size: 12pt\"><span style=\"color: #000000\"><strong>6. <\/strong><strong>KOMISIJA ZA USMERANJE OTROK S POSEBNIMI POTREBAMI:<\/strong><\/span><\/span><\/p>\n<\/div>\n<p style=\"text-align: justify\"><span style=\"font-size: 12pt\"><span style=\"color: #000000\"><strong>Komisija za usmerjanje otrok s posebnimi potrebami <\/strong><strong>(glej komisija)<\/strong><strong><br \/>\n<\/strong>v skladu z Zakonom o usmerjanju otrok s posebnimi potrebami izdela <strong><a href=\"http:\/\/www.zrss.si\/default.asp?rub=208\" target=\"_blank\">strokovno mnenje<\/a>, <\/strong>ki <strong>vsebuje sintezo ugotovitev o otroku,<\/strong> opredeli se vrsta in stopnja primanjkljaja, ovire oz. motnje ter glede na ugotovljene vzgojno-izobra\u017eevalne potrebe otroka poda tudi predlog usmeritve v ustrezen vzgojno-izobra\u017eevalni program. Glede na potrebe u\u010denca pa se opredelijo tudi obseg, oblika in izvajalci dodatne strokovne pomo\u010di, pripomo\u010dki, prilagoditve prostora in opreme, navede se spremljevalec \u00a0ter morebitna vklju\u010ditev v zavod za vzgojo in izobra\u017eevanje, socialno varstveni zavod, dom za u\u010dence s posebnimi potrebami ali namestitev v rejni\u0161ko dru\u017eino (skladno s 16. \u010dlenom ZUOPP-1).<\/span><\/span><\/p>\n<p style=\"text-align: justify\"><span style=\"font-size: 12pt\"><span style=\"color: #000000\"><strong>Strokovno mnenje svetovalec po\u0161lje star\u0161em<\/strong> oziroma vlo\u017eniku zahteve za uvedbo postopka ter vzgojno-izobra\u017eevalnemu zavodu, v katerega je oziroma bo otrok vklju\u010den. Star\u0161i ali vlo\u017enik lahko v osemdnevnem roku sporo\u010dijo pripombe na strokovno mnenje. Na podlagi strokovnega mnenja <strong>izda svetovalec odlo\u010dbo o usmeritvi,<\/strong> s katero se odlo\u010di o vzgojno-izobra\u017eevalnih potrebah otroka s posebnimi potrebami in o ustreznem programu vzgoje in izobra\u017eevanja.<\/span><\/span><\/p>\n<div style=\"text-align: justify\">\n<p><span style=\"font-size: 12pt\"><span style=\"color: #000000\"><strong>7. <\/strong><strong>PRITO\u017dBA <\/strong><\/span><\/span><\/p>\n<\/div>\n<p style=\"text-align: justify\"><span style=\"font-size: 12pt\"><span style=\"color: #000000\">Star\u0161i, \u00a0polnoletna oseba ali starej\u0161i mladoletnik se lahko na odlo\u010dbo prito\u017eijo, \u010de se ne strinjajo z njeno vsebino. Prito\u017ebo vlo\u017eijo pisno ali ustno na zapisnik pri pristojni obmo\u010dni enoti Zavoda RS za \u0161olstvo v 15 dneh po prejemu odlo\u010dbe. Prito\u017eba vzgojno-izobra\u017eevalnega oz. socialnovarstvenega zavoda je mo\u017ena le v primeru zavrnitve zahteve za uvedbo postopka usmerjanja.<\/span><\/span><\/p>\n<p style=\"text-align: justify\"><span style=\"font-size: 12pt\"><span style=\"color: #000000\">\u00a0<\/span><\/span><\/p>\n<div style=\"text-align: justify\">\n<p><span style=\"font-size: 12pt\"><span style=\"color: #000000\"><strong>8. <\/strong><strong>UMAKNJENA ZAHTEVA<\/strong><\/span><\/span><\/p>\n<\/div>\n<p style=\"text-align: justify\"><span style=\"font-size: 12pt\"><span style=\"color: #000000\">\u010ce vlagatelj zahteve za uvedbo postopka usmerjanja ugotovi, da otrok ne potrebuje odlo\u010dbe o usmeritvi, lahko zahtevo umakne \u00a0kadarkoli med postopkom na prvi stopnji do vro\u010ditve odlo\u010dbe, v \u010dasu, ko te\u010de prito\u017ebeni rok, in tudi med postopkom na drugi stopnji do vro\u010ditve odlo\u010dbe. Stranka lahko umakne zahtevo s pisno ali ustno izjavo pri svetovalcu, ki lahko\u00a0s sklepom ustavi postopek.<\/span><\/span><\/p>\n<p style=\"text-align: justify\"><span style=\"font-size: 12pt\"><span style=\"color: #000000\">\u00a0<\/span><\/span><\/p>\n<div style=\"text-align: justify\">\n<p><span style=\"font-size: 12pt\"><span style=\"color: #000000\"><strong>9. <\/strong><strong>PREVERJANJE USMERITVE <\/strong><\/span><\/span><\/p>\n<\/div>\n<p style=\"text-align: justify\"><span style=\"font-size: 12pt\"><span style=\"color: #000000\">\u010ce je v odlo\u010dbi naveden rok za preverjanje ustreznosti usmeritve, ki ne sme biti kraj\u0161i od enega leta in ne dalj\u0161i od petih let, svetovalec pri\u010dne postopek preverjanja ustreznosti usmeritve po uradni dol\u017enosti. Vrtec, \u0161olo oz.\u00a0socialnovarstveni zavod zaprosi za poro\u010dilo o otroku, ki mora vsebovati tudi poro\u010dilo o izvajanju in evalvaciji individualiziranega programa in zaprosi komisijo za novo strokovno mnenje. \u00a0Pristojna OE Zavoda RS za \u0161olstvo na podlagi strokovnega mnenja komisije izda novo odlo\u010dbo.<\/span><\/span><\/p>\n<p style=\"text-align: justify\"><span style=\"font-size: 12pt\"><span style=\"color: #000000\">\u00a0<\/span><\/span><\/p>\n<p style=\"text-align: justify\"><span style=\"font-size: 12pt\"><span style=\"color: #000000\">10.\u00a0 <strong> KORISTNE INFORAMCIJE:<\/strong><\/span><\/span><\/p>\n<div style=\"text-align: justify\">\n<ul>\n<li><span style=\"font-size: 12pt\"><span style=\"color: #000000\">Star\u0161i, starej\u0161i mladoletnik, polnoletna oseba, vrtec, \u0161ola oziroma zavod, v katerega je otrok vklju\u010den, lahko vlo\u017eijo zahtevo za spremembo odlo\u010dbe. V zahtevi morajo obrazlo\u017eiti vsa dejstva in okoli\u0161\u010dine ter utemeljiti korist, ki bi jo otrok oz. vzgojno-izobra\u017eevalni zavod imel s spremembo usmeritve.<\/span><\/span><\/li>\n<li><span style=\"font-size: 12pt\"><span style=\"color: #000000\">Zahtevo za uvedbo postopka usmerjanja se lahko vlo\u017ei pred vpisom v vzgojno-izobra\u017eevalne programe ter ves \u010das, dokler je otrok vklju\u010den v te programe.<\/span><\/span><\/li>\n<li><span style=\"font-size: 12pt\"><span style=\"color: #000000\">Zoper odlo\u010dbo, izdano na prvi stopnji, imajo pravico do prito\u017ebe samo zakoniti zastopniki oz. polnoleten mladostnik sam ter starej\u0161i mladoletnik, vzgojno-izobra\u017eevalni oz. socialnovarstveni zavod pa le v primeru zavrnitve zahteve za uvedbo postopka usmerjanja.<\/span><\/span><\/li>\n<li><span style=\"font-size: 12pt\"><span style=\"color: #000000\">V roku 30 dni po dokon\u010dnosti odlo\u010dbe o usmeritvi mora vrtec, \u0161ola oz. zavod, v katerega je otrok vklju\u010den, pripraviti individualizirani program. Pri pripravi in spremljanju le-tega sodelujejo tudi star\u0161i ter otrok s posebnimi potrebami (glede na zrelost in starost).<\/span><\/span><\/li>\n<li><span style=\"font-size: 12pt\"><span style=\"color: #000000\">Na spletnih straneh Zavoda RS za \u0161olstvo so objavljena Navodila za izvajanje programa s prilagojenim izvajanjem in dodatno strokovno pomo\u010djo za devetletno osnovno \u0161olo, za programe srednjega poklicnega in strokovnega izobra\u017eevanja ter Navodila za izvajanje programa s prilagojenim izvajanjem in dodatno strokovno pomo\u010djo za gimnazije.<\/span><\/span><\/li>\n<li><span style=\"font-size: 12pt\"><span style=\"color: #000000\">Pravice, ki pripadajo star\u0161em in otroku na podlagi druge zakonodaje, lahko star\u0161i uveljavljajo na pristojnem Centru za socialno delo (dodatek za nego, nadomestilo za izgubljeni dohodek, pravica do tolma\u010da \u2026).<\/span><\/span><\/li>\n<\/ul>\n<\/div>\n<p style=\"text-align: justify\"><span style=\"font-size: 12pt\"><span style=\"color: #000000\">11.\u00a0 <strong>ZAMENJAVA \u0160OLE:<\/strong><\/span><\/span><\/p>\n<p style=\"text-align: justify\"><span style=\"font-size: 12pt\"><span style=\"color: #000000\">V primeru, ko otrok zaradi dolo\u010denih razlogov zamenja \u0161olo, je o tem potrebno obvestiti svetovalca, ki vodi postopek. Odlo\u010dba o usmeritvi zavezuje le \u0161olo, navedeno v odlo\u010dbi o usmeritvi, ki je otroku dol\u017ena zagotoviti pravice, ki mu pripadajo, to pa pomeni, da odlo\u010dba o usmeritvi ni \u00bbprenosljiva\u00ab iz ene \u0161ole na drugo. Do pridobitve odlo\u010dbe o usmeritvi mora vzgojno-izobra\u017eevalni zavod, v katerega se je otrok pre\u0161olal, zagotoviti izvajanje odlo\u010dbe, \u010de gre za isti program.<\/span><\/span><\/p>\n<p style=\"text-align: justify\"><span style=\"font-size: 12pt\"><span style=\"color: #000000\">\u00a0<\/span><\/span><\/p>\n<p style=\"text-align: justify\"><strong><span style=\"font-size: 12pt\"><span style=\"color: #000000\">12.\u00a0 \u00a0VE\u010c INFORMACIJ POI\u0160\u010cITE NA SPLETNIH STRANEH:<\/span><\/span><\/strong><\/p>\n<p style=\"text-align: justify\"><span style=\"font-size: 12pt\"><span style=\"color: #000000\"><a href=\"http:\/\/www.zrss.si\/\">http:\/\/www.zrss.si\/<span class=\"edit\"><a href=\"https:\/\/www.os-tinje.si\/wp-admin\/post.php?post=349&amp;action=edit\">Uredi<\/a><\/span><\/a><\/span><\/span><\/p>\n<ul>\n<ul>\n<li>\n<div style=\"text-align: justify\"><span style=\"font-size: 12pt\"><span style=\"color: #000000\">Tam najdete tudi potrebne obrazce in <\/span><\/span><\/div>\n<\/li>\n<li>\n<div style=\"text-align: justify\"><span style=\"font-size: 12pt\"><span style=\"color: #000000\">zakonske mo\u017enosti usmerjanja otrok s posebnimi potrebami.<\/span><\/span><\/div>\n<\/li>\n<\/ul>\n<\/ul>\n<p><a href=\"http:\/\/os-tinjenova.splet.arnes.si\/files\/2014\/04\/prilagoditve.pdf\">\u00a0\u010dlanek: prilagoditve<br \/>\n<\/a><a href=\"http:\/\/os-tinjenova.splet.arnes.si\/files\/2014\/04\/ucne_pomoci.pdf\">\u010dlanek: ucne_pomoci<\/a><\/p>\n<p>&nbsp;<\/p>\n<p>&nbsp;<\/p>\n<p>&nbsp;<\/p>\n","protected":false},"excerpt":{"rendered":"<p>OTROCI IN MLADOSTNIKI S POSEBNIMI VZGOJNO-IZOBRA\u017dEVALNIMI POTREBAMI: Usmerjanje otrok in mladostnikov s posebnimi potrebami se izvaja na osnovi Zakona o usmerjanju otrok s posebnimi potrebami (ZUOPP-1), podzakonskih aktov s podro\u010dja usmerjanja otrok s posebnimi potrebami in Zakona o splo\u0161nem upravnem postopku. 1. NAMEN IZVEDBE POSTOPKA USMERJANJA (PU): Usmerjanje je namenjeno otrokom s posebnimi potrebami, ki [&hellip;]<\/p>\n","protected":false},"author":2887,"featured_media":0,"parent":0,"menu_order":1,"comment_status":"closed","ping_status":"open","template":"","meta":{"_et_pb_use_builder":"","_et_pb_old_content":"","_et_gb_content_width":"","ngg_post_thumbnail":0,"footnotes":""},"class_list":["post-349","page","type-page","status-publish","hentry"],"_links":{"self":[{"href":"https:\/\/www.os-tinje.si\/index.php?rest_route=\/wp\/v2\/pages\/349","targetHints":{"allow":["GET"]}}],"collection":[{"href":"https:\/\/www.os-tinje.si\/index.php?rest_route=\/wp\/v2\/pages"}],"about":[{"href":"https:\/\/www.os-tinje.si\/index.php?rest_route=\/wp\/v2\/types\/page"}],"author":[{"embeddable":true,"href":"https:\/\/www.os-tinje.si\/index.php?rest_route=\/wp\/v2\/users\/2887"}],"replies":[{"embeddable":true,"href":"https:\/\/www.os-tinje.si\/index.php?rest_route=%2Fwp%2Fv2%2Fcomments&post=349"}],"version-history":[{"count":3,"href":"https:\/\/www.os-tinje.si\/index.php?rest_route=\/wp\/v2\/pages\/349\/revisions"}],"predecessor-version":[{"id":1969,"href":"https:\/\/www.os-tinje.si\/index.php?rest_route=\/wp\/v2\/pages\/349\/revisions\/1969"}],"wp:attachment":[{"href":"https:\/\/www.os-tinje.si\/index.php?rest_route=%2Fwp%2Fv2%2Fmedia&parent=349"}],"curies":[{"name":"wp","href":"https:\/\/api.w.org\/{rel}","templated":true}]}}