{"id":37,"date":"2013-12-31T22:00:00","date_gmt":"2013-12-31T21:00:00","guid":{"rendered":"http:\/\/os-tinje.splet.arnes.si\/2013\/12\/31\/govorilne-ure\/"},"modified":"2025-09-10T09:11:28","modified_gmt":"2025-09-10T07:11:28","slug":"govorilne-ure","status":"publish","type":"page","link":"https:\/\/www.os-tinje.si\/?page_id=37","title":{"rendered":"GOVORILNE URE"},"content":{"rendered":"<div style=\"text-align: center\"><span style=\"color: #000000\"><span style=\"font-size: 12pt\"><img loading=\"lazy\" decoding=\"async\" class=\" size-full wp-image-36\" src=\"http:\/\/os-tinjenova.splet.arnes.si\/files\/2013\/12\/govorilna-ura.gif\" alt=\"govorilna-ura\" width=\"185\" height=\"121\"><\/span><\/span><\/div>\n<div style=\"text-align: center\">&nbsp;<\/div>\n<div style=\"text-align: center\"><span style=\"color: #000000\"><span style=\"font-size: 12pt\">Govorilne ure organiziramo vsak drugi ponedeljek v mesecu, od 15.30 do 16.30,<br \/>\nin enkrat tedensko pri vsakem strokovnem delavcu v dopoldanskem \u010dasu.<br \/>\nNa govorilne ure poleg star\u0161ev vabimo tudi u\u010dence.<\/span><\/span><\/div>\n<h2 style=\"text-align: center\"><strong><span style=\"color: #993300\"><em><span style=\"font-size: 12pt\">TEDENSKE GOVORILNE URE ZA STAR\u0160E V DOPOLDANSKEM \u010cASU <\/span><\/em><\/span><\/strong><\/h2>\n<h1 style=\"text-align: center\"><strong><span style=\"color: #993300\"><em>\u0160OLSKO LETO 2025\u20132026<\/em><\/span><\/strong><\/h1>\n<h1 style=\"text-align: center\">&nbsp;<\/h1>\n<div>\n<table class=\"alignleft\" style=\"height: 304px;width: 665px\" border=\"1\">\n<tbody>\n<tr style=\"height: 79px\">\n<td style=\"vertical-align: middle;width: 62.2125px;text-align: left;height: 81px\">\n<h5><strong><span style=\"color: #000000\">URA\/\u010cAS<\/span><\/strong><\/h5>\n<\/td>\n<td style=\"vertical-align: middle;width: 108.838px;text-align: left;height: 81px\">\n<h5><strong><span style=\"color: #000000\">PONEDELJEK<\/span><\/strong><\/h5>\n<\/td>\n<td style=\"vertical-align: middle;width: 115.375px;text-align: left;height: 81px\">\n<h5><strong><span style=\"color: #000000\">TOREK<\/span><\/strong><\/h5>\n<\/td>\n<td style=\"vertical-align: middle;width: 92.3125px;text-align: left;height: 81px\">\n<h5><strong><span style=\"color: #000000\">SREDA<\/span><\/strong><\/h5>\n<\/td>\n<td style=\"vertical-align: middle;width: 131.438px;text-align: left;height: 81px\">\n<h5><strong><span style=\"color: #000000\">\u010cETRTEK<\/span><\/strong><\/h5>\n<\/td>\n<td style=\"vertical-align: middle;width: 120.425px;text-align: left;height: 81px\">\n<h5><strong><span style=\"color: #000000\">PETEK<\/span><\/strong><\/h5>\n<\/td>\n<\/tr>\n<tr style=\"height: 95px\">\n<td style=\"vertical-align: middle;width: 62.2125px;text-align: left;height: 28px\">\n<h5><strong><span style=\"color: #000000\">1.&nbsp; 7.45\u20138.30<\/span><\/strong><\/h5>\n<\/td>\n<td style=\"vertical-align: middle;width: 108.838px;height: 28px;text-align: center\">&nbsp;<\/td>\n<td style=\"vertical-align: middle;width: 115.375px;height: 28px;text-align: center\">\n<p style=\"text-align: center\">&nbsp;<\/p>\n<\/td>\n<td style=\"vertical-align: middle;width: 92.3125px;text-align: left;height: 28px\">\n<p style=\"text-align: center\"><span style=\"color: #000000\"><strong>Alojzija Mu\u0161i\u010d, ravnateljica<\/strong><\/span><\/p>\n<\/td>\n<td style=\"vertical-align: middle;width: 131.438px;height: 28px;text-align: center\"><span style=\"color: #000000\"><strong>\u0160pela Osrajnik, 2. razred<\/strong><\/span><\/td>\n<td style=\"vertical-align: middle;width: 120.425px;text-align: left;height: 28px\">&nbsp;<\/td>\n<\/tr>\n<tr style=\"height: 95px\">\n<td style=\"vertical-align: middle;width: 62.2125px;text-align: left;height: 86px\">\n<h5><strong><span style=\"color: #000000\">2.&nbsp; 8.35\u20139.20<\/span><\/strong><\/h5>\n<\/td>\n<td style=\"vertical-align: middle;width: 108.838px;text-align: center;height: 86px\">&nbsp;<\/td>\n<td style=\"vertical-align: middle;width: 115.375px;height: 86px;text-align: center\"><strong><span style=\"color: #000000\">Maja \u0160pes, 8. razred<\/span><\/strong><\/td>\n<td style=\"vertical-align: middle;width: 92.3125px;text-align: left;height: 86px\">\n<p style=\"text-align: center\"><span style=\"color: #000000\"><strong>Ur\u0161ka Smole<\/strong><\/span><\/p>\n<\/td>\n<td style=\"vertical-align: middle;width: 131.438px;height: 86px;text-align: center\"><span style=\"color: #000000\"><strong>Silva Kos, 3. razred<\/strong><\/span><\/td>\n<td style=\"vertical-align: middle;width: 120.425px;text-align: left;height: 86px\">&nbsp;<\/td>\n<\/tr>\n<tr style=\"height: 216px\">\n<td style=\"vertical-align: middle;width: 62.2125px;text-align: left;height: 10px\">\n<h5><strong><span style=\"color: #000000\">3.&nbsp; 9.40\u201310.25<\/span><\/strong><\/h5>\n<\/td>\n<td style=\"vertical-align: middle;width: 108.838px;text-align: left;height: 10px\">\n<p style=\"text-align: center\"><span style=\"color: #000000\"><strong>Ur\u0161a Kri\u017eanec<\/strong><\/span><\/p>\n<\/td>\n<td style=\"vertical-align: middle;width: 115.375px;text-align: left;height: 10px\">\n<p style=\"text-align: center\">&nbsp;<\/p>\n<\/td>\n<td style=\"vertical-align: middle;width: 92.3125px;height: 10px;text-align: center\">\n<p style=\"text-align: center\">&nbsp;<\/p>\n<\/td>\n<td style=\"vertical-align: middle;width: 131.438px;text-align: left;height: 10px\">\n<p style=\"text-align: center\"><span style=\"color: #000000\"><strong>Andreja Toma\u017ei\u010d, 5. razred<\/strong><\/span><\/p>\n<\/td>\n<td style=\"vertical-align: middle;width: 120.425px;text-align: left;height: 10px\">\n<p style=\"text-align: center\">&nbsp;<\/p>\n<\/td>\n<\/tr>\n<tr style=\"height: 95px\">\n<td style=\"vertical-align: middle;width: 62.2125px;text-align: left;height: 10px\">\n<h5><strong><span style=\"color: #000000\">4.&nbsp; 10.30\u201311.15<\/span><\/strong><\/h5>\n<\/td>\n<td style=\"vertical-align: middle;width: 108.838px;height: 10px;text-align: center\">&nbsp;<\/td>\n<td style=\"vertical-align: middle;width: 115.375px;height: 10px;text-align: center\"><span style=\"color: #000000\"><strong>Igor Javernik, Klara Kos<\/strong><\/span><\/td>\n<td style=\"vertical-align: middle;width: 92.3125px;text-align: left;height: 10px\">\n<p style=\"text-align: center\"><span style=\"color: #000000\"><strong>Marta Potr\u010d, 4. razred<\/strong><\/span><\/p>\n<\/td>\n<td style=\"vertical-align: middle;width: 131.438px;height: 10px;text-align: center\"><span style=\"color: #000000\"><strong>Rok Dragi\u0107<\/strong><\/span><\/td>\n<td style=\"vertical-align: middle;width: 120.425px;text-align: left;height: 10px\">\n<p style=\"text-align: center\">&nbsp;<\/p>\n<\/td>\n<\/tr>\n<tr style=\"height: 95px\">\n<td style=\"vertical-align: middle;width: 62.2125px;text-align: left;height: 19px\">\n<h5><strong><span style=\"color: #000000\">5. 11. 20\u201312.05<\/span><\/strong><\/h5>\n<\/td>\n<td style=\"vertical-align: middle;width: 108.838px;text-align: left;height: 19px\">\n<p style=\"text-align: center\">&nbsp;<\/p>\n<\/td>\n<td style=\"vertical-align: middle;width: 115.375px;text-align: left;height: 19px\">&nbsp;<\/td>\n<td style=\"vertical-align: middle;width: 92.3125px;height: 19px;text-align: center\"><span style=\"color: #000000\"><strong>Zala Kren, 1. razred<\/strong><\/span><\/td>\n<td style=\"vertical-align: middle;width: 131.438px;text-align: left;height: 19px\">\n<p style=\"text-align: center\">&nbsp;<\/p>\n<\/td>\n<td style=\"vertical-align: middle;width: 120.425px;text-align: left;height: 19px\"><span style=\"color: #000000\"><strong>Barbara Poto\u010dnik Kolenc, DSP, \u0160SS<\/strong><\/span><\/td>\n<\/tr>\n<tr style=\"height: 164px\">\n<td style=\"vertical-align: middle;width: 62.2125px;text-align: left;height: 10px\">\n<h5><strong><span style=\"color: #000000\">6.&nbsp; 12.10\u201312. 55<\/span><\/strong><\/h5>\n<\/td>\n<td style=\"vertical-align: middle;width: 108.838px;text-align: left;height: 10px\">&nbsp;<\/td>\n<td style=\"vertical-align: middle;width: 115.375px;height: 10px;text-align: center\"><span style=\"color: #000000\"><strong>Dragica Kri\u017eaj, 9. razred<\/strong><\/span><\/td>\n<td style=\"vertical-align: middle;width: 92.3125px;text-align: left;height: 10px\">\n<p style=\"text-align: center\"><span style=\"color: #000000\"><strong>Kristijan IIij<span style=\"font-family: inherit;font-size: inherit;text-align: left\">evec<\/span><\/strong><\/span><\/p>\n<\/td>\n<td style=\"vertical-align: middle;width: 131.438px;height: 10px;text-align: center\">&nbsp;<\/td>\n<td style=\"vertical-align: middle;width: 120.425px;text-align: left;height: 10px\">&nbsp;<\/td>\n<\/tr>\n<tr style=\"height: 95px\">\n<td style=\"vertical-align: middle;width: 62.2125px;text-align: left;height: 60px\">\n<h5><strong><span style=\"color: #000000\">7.&nbsp; 13. 10\u201313.55<\/span><\/strong><\/h5>\n<\/td>\n<td style=\"vertical-align: middle;width: 108.838px;text-align: left;height: 60px\">&nbsp;<\/td>\n<td style=\"vertical-align: middle;width: 115.375px;text-align: left;height: 60px\">\n<p style=\"text-align: center\"><span style=\"color: #000000\"><strong>Bogdana Drozg Oni\u010d, 7. razre<\/strong><strong>d<\/strong><\/span><\/p>\n<\/td>\n<td style=\"vertical-align: middle;width: 92.3125px;text-align: left;height: 60px\">\n<p style=\"text-align: center\">&nbsp;<\/p>\n<\/td>\n<td style=\"vertical-align: middle;width: 131.438px;height: 60px;text-align: center\">&nbsp;<\/td>\n<td style=\"vertical-align: middle;width: 120.425px;text-align: left;height: 60px\">&nbsp;<\/td>\n<\/tr>\n<\/tbody>\n<\/table>\n<\/div>\n<div>&nbsp;<\/div>\n<div style=\"text-align: center\">\n<table style=\"width: 592px;height: 404px\" width=\"678\">\n<tbody>\n<tr style=\"height: 22px\">\n<td style=\"text-align: left;width: 49.225px;height: 22px\"><span style=\"color: #000000\"><strong>&nbsp;<\/strong><\/span><\/td>\n<td style=\"text-align: left;width: 168.95px;height: 22px\"><span style=\"color: #000000\"><strong>IME IN PRIIMEK<\/strong><\/span><\/td>\n<td style=\"text-align: left;width: 112.825px;height: 22px\"><span style=\"color: #000000\"><strong>RAZREDNIK<\/strong><\/span><\/td>\n<td style=\"text-align: left;width: 237px;height: 22px\"><span style=\"color: #000000\"><strong>&nbsp;e naslov<\/strong><\/span><\/td>\n<\/tr>\n<tr style=\"height: 40px\">\n<td style=\"width: 49.225px;height: 40px\"><span style=\"color: #000000\"><strong>&nbsp;<\/strong><\/span><\/td>\n<td style=\"width: 168.95px;height: 40px\"><span style=\"color: #000000\"><strong>Alojzija Mu\u0161i\u010d<\/strong><\/span><\/td>\n<td style=\"width: 112.825px;height: 40px\"><span style=\"color: #000000\"><strong>Ravnateljica<br \/>\n<\/strong><\/span><\/td>\n<td style=\"width: 237px;height: 40px\"><span style=\"color: #0000ff\">&#x61;&#108;o&#x6a;&#122;&#105;&#x6a;&#x61;&#46;m&#x75;&#115;i&#x63;&#x40;&#103;u&#x65;&#115;t&#x2e;&#x61;&#114;n&#x65;&#115;&#46;&#x73;&#x69;<\/span><br \/>\n<span style=\"color: #0000ff\">&#x6c;&#x6f;&#106;&#122;ka&#x2e;&#x6d;&#x75;&#115;ic&#x40;&#x6f;&#x73;&#45;&#116;i&#x6e;&#x6a;&#x65;&#46;&#115;i<\/span><\/td>\n<\/tr>\n<tr style=\"height: 22px\">\n<td style=\"width: 49.225px;height: 22px\"><span style=\"color: #000000\"><strong>1.<\/strong><\/span><\/td>\n<td style=\"width: 168.95px;height: 22px\"><span style=\"color: #000000\"><b>Zala Kren<\/b><\/span><\/td>\n<td style=\"width: 112.825px;height: 22px\"><span style=\"color: #000000\"><strong>1. a<\/strong><\/span><\/td>\n<td style=\"width: 237px;height: 22px\"><span style=\"color: #0000ff\">&#x7a;&#x61;&#108;a&#x2e;&#x6b;&#114;en&#x40;&#x6f;&#115;-&#x74;&#x69;&#110;&#106;e&#x2e;&#x73;&#105;<\/span><\/td>\n<\/tr>\n<tr style=\"height: 22px\">\n<td style=\"width: 49.225px;height: 22px\"><span style=\"color: #000000\"><strong>2.<\/strong><\/span><\/td>\n<td style=\"width: 168.95px;height: 22px\"><span style=\"color: #000000\"><strong>\u0160pela Osrajnik<br \/>\n<\/strong><\/span><\/td>\n<td style=\"width: 112.825px;height: 22px\"><span style=\"color: #000000\"><strong>2. a<\/strong><\/span><\/td>\n<td style=\"width: 237px;height: 22px\"><span style=\"color: #0000ff\">&#x73;&#x70;&#x65;&#x6c;&#x61;&#x2e;&#x6f;&#x73;&#x72;&#x61;&#x6a;&#x6e;&#x69;&#x6b;&#x40;&#x6f;&#x73;&#x2d;&#x74;&#x69;&#x6e;&#x6a;&#x65;&#x2e;&#x73;&#x69;<\/span><\/td>\n<\/tr>\n<tr style=\"height: 22px\">\n<td style=\"width: 49.225px;height: 22px\"><span style=\"color: #000000\"><strong>3.<\/strong><\/span><\/td>\n<td style=\"width: 168.95px;height: 22px\"><span style=\"color: #000000\"><strong>Silva Kos<\/strong><\/span><\/td>\n<td style=\"width: 112.825px;height: 22px\"><span style=\"color: #000000\"><strong>3. a<\/strong><\/span><\/td>\n<td style=\"width: 237px;height: 22px\"><span style=\"color: #0000ff\">&#x73;i&#x6c;&#118;&#x61;&#46;k&#x6f;s&#x40;&#111;&#x73;&#45;t&#x69;&#110;&#x6a;&#101;&#46;&#x73;i<\/span><\/td>\n<\/tr>\n<tr style=\"height: 22px\">\n<td style=\"width: 49.225px;height: 22px\"><span style=\"color: #000000\"><strong>4.<\/strong><\/span><\/td>\n<td style=\"width: 168.95px;height: 22px\"><span style=\"color: #000000\"><strong>Marta Potr\u010d<\/strong><\/span><\/td>\n<td style=\"width: 112.825px;height: 22px\"><span style=\"color: #000000\"><strong>4. a<\/strong><\/span><\/td>\n<td style=\"width: 237px;height: 22px\"><span style=\"color: #0000ff\">&#109;&#x61;r&#116;&#x61;&#46;&#x70;&#x6f;&#116;&#x72;c&#64;&#x6f;s&#45;&#x74;&#105;&#x6e;j&#101;&#x2e;s&#105;<\/span><\/td>\n<\/tr>\n<tr style=\"height: 22px\">\n<td style=\"width: 49.225px;height: 22px\"><span style=\"color: #000000\"><strong>5.<\/strong><\/span><\/td>\n<td style=\"width: 168.95px;height: 22px\"><span style=\"color: #000000\"><strong>Andreja Toma\u017ei\u010d<\/strong><\/span><\/td>\n<td style=\"width: 112.825px;height: 22px\"><span style=\"color: #000000\"><strong>5. a<\/strong><\/span><\/td>\n<td style=\"width: 237px;height: 22px\"><span style=\"color: #0000ff\">&#x61;&#110;d&#x72;&#x65;&#106;a&#x2e;&#x74;&#111;m&#x61;&#122;i&#x63;&#x40;&#111;s&#x2d;&#x74;&#105;n&#x6a;&#101;&#46;&#x73;&#x69;<\/span><\/td>\n<\/tr>\n<tr style=\"height: 46px\">\n<td style=\"width: 49.225px;height: 10px\"><span style=\"color: #000000\"><strong>6.<\/strong><\/span><\/td>\n<td style=\"width: 168.95px;height: 10px\"><span style=\"color: #000000\"><strong>Anita Cizerl<\/strong><\/span><\/td>\n<td style=\"width: 112.825px;height: 10px\"><span style=\"color: #000000\"><strong>6. a<\/strong><\/span><\/td>\n<td style=\"width: 237px;height: 10px\"><span style=\"color: #0000ff\">&#97;&#x6e;&#105;&#x74;a&#46;&#x63;&#105;&#x7a;e&#x72;l&#64;&#x6f;&#115;&#x2d;t&#x69;&#x6e;&#106;&#x65;&#46;&#x73;i<\/span><\/td>\n<\/tr>\n<tr style=\"height: 85px\">\n<td style=\"width: 49.225px;height: 10px\"><span style=\"color: #000000\"><strong>7.<\/strong><\/span><\/td>\n<td style=\"width: 168.95px;height: 10px\"><span style=\"color: #000000\"><strong>Bogdana Drozg Oni\u010d<\/strong><\/span><\/td>\n<td style=\"width: 112.825px;height: 10px\"><span style=\"color: #000000\"><strong>7. a<\/strong><\/span><\/td>\n<td style=\"width: 237px;height: 10px\"><span style=\"color: #0000ff\">b&#111;&#103;&#x64;&#x61;na&#46;&#100;&#x72;&#x6f;zg&#45;&#111;&#x6e;&#x69;c&#64;&#111;&#x73;&#x2d;&#x74;i&#110;&#106;&#x65;&#x2e;&#x73;i<\/span><\/td>\n<\/tr>\n<tr style=\"height: 40px\">\n<td style=\"width: 49.225px;height: 40px\"><span style=\"color: #000000\"><strong>8.<\/strong><\/span><\/td>\n<td style=\"width: 168.95px;height: 40px\"><span style=\"color: #000000\"><strong>Maja \u0160pes<\/strong><\/span><\/td>\n<td style=\"width: 112.825px;height: 40px\"><span style=\"color: #000000\"><strong>8. a<\/strong><\/span><\/td>\n<td style=\"width: 237px;height: 40px\"><span style=\"color: #0000ff\">&#x6d;&#x61;&#x6a;&#x61;&#x2e;&#x73;&#x70;&#101;&#115;&#64;&#111;&#115;-tin&#x6a;&#x65;&#x2e;&#x73;&#x69;<\/span><\/td>\n<\/tr>\n<tr style=\"height: 22px\">\n<td style=\"width: 49.225px;height: 22px\"><span style=\"color: #000000\"><strong>9.<\/strong><\/span><\/td>\n<td style=\"width: 168.95px;height: 22px\"><span style=\"color: #000000\"><strong>Dragica Kri\u017eaj<\/strong><\/span><\/td>\n<td style=\"width: 112.825px;height: 22px\"><span style=\"color: #000000\"><strong>9. a<\/strong><\/span><\/td>\n<td style=\"width: 237px;height: 22px\"><span style=\"color: #0000ff\">drag&#105;&#99;&#97;&#46;&#107;&#x72;&#x69;&#x7a;&#x61;&#x6a;&#x40;&#x6f;s-ti&#110;&#106;&#101;&#46;&#115;&#x69;<\/span><\/td>\n<\/tr>\n<tr style=\"height: 22px\">\n<td style=\"width: 49.225px;height: 22px\"><span style=\"color: #000000\"><strong>10.<\/strong><\/span><\/td>\n<td style=\"width: 168.95px;height: 22px\"><span style=\"color: #000000\"><strong>Ur\u0161a Kri\u017eanec<\/strong><\/span><\/td>\n<td style=\"width: 112.825px;height: 22px\"><span style=\"color: #000000\"><strong>\/<\/strong><\/span><\/td>\n<td style=\"width: 237px;height: 22px\"><span style=\"color: #0000ff\">&#117;&#114;&#x73;&#x61;&#46;&#107;&#x72;&#x69;&#122;&#97;&#x6e;&#x65;&#99;&#64;&#x6f;&#x73;&#45;&#116;&#x69;&#x6e;&#106;&#101;&#x2e;&#x73;&#105;<\/span><\/td>\n<\/tr>\n<tr style=\"height: 22px\">\n<td style=\"width: 49.225px;height: 22px\"><span style=\"color: #000000\"><strong>11.<\/strong><\/span><\/td>\n<td style=\"width: 168.95px;height: 22px\"><span style=\"color: #000000\"><strong>Rok Dragi\u0107<\/strong><\/span><\/td>\n<td style=\"width: 112.825px;height: 22px\"><span style=\"color: #000000\"><strong>\/<\/strong><\/span><\/td>\n<td style=\"width: 237px;height: 22px\"><span style=\"color: #0000ff\">&#x72;&#x6f;&#x6b;&#x2e;&#x64;&#x72;&#x61;&#x67;&#x69;&#x63;&#x40;&#x6f;&#x73;&#x2d;&#116;&#105;&#110;&#106;&#101;&#46;&#115;&#105;<\/span><\/td>\n<\/tr>\n<tr style=\"height: 22px\">\n<td style=\"width: 49.225px;height: 22px\"><span style=\"color: #000000\"><strong>12.<\/strong><\/span><\/td>\n<td style=\"width: 168.95px;height: 22px\"><span style=\"color: #000000\"><strong>Igor Javernik<\/strong><\/span><\/td>\n<td style=\"width: 112.825px;height: 22px\"><span style=\"color: #000000\"><strong>\/<\/strong><\/span><\/td>\n<td style=\"width: 237px;height: 22px\"><span style=\"color: #0000ff\">&#105;&#103;&#x6f;&#x72;&#46;&#106;&#x61;&#x76;&#101;&#114;&#x6e;&#x69;&#107;&#64;&#x6f;&#x73;&#45;&#116;&#x69;&#x6e;&#106;&#101;&#x2e;&#x73;&#105;<\/span><\/td>\n<\/tr>\n<tr style=\"height: 22px\">\n<td style=\"width: 49.225px;height: 22px\"><span style=\"color: #000000\"><strong>13.<\/strong><\/span><\/td>\n<td style=\"width: 168.95px;height: 22px\"><span style=\"color: #000000\"><strong>Ur\u0161ka Smole<\/strong><\/span><\/td>\n<td style=\"width: 112.825px;height: 22px\"><span style=\"color: #000000\"><strong>\/<\/strong><\/span><\/td>\n<td style=\"width: 237px;height: 22px\"><span style=\"color: #0000ff\">urska&#46;smole&#64;os-tinje&#46;si<\/span><\/td>\n<\/tr>\n<tr style=\"height: 22px\">\n<td style=\"width: 49.225px;height: 22px\"><span style=\"color: #000000\"><strong>14.<\/strong><\/span><\/td>\n<td style=\"width: 168.95px;height: 22px\"><span style=\"color: #000000\"><strong>Barbara Poto\u010dnik Kolenc<\/strong><\/span><\/td>\n<td style=\"width: 112.825px;height: 22px\"><span style=\"color: #000000\"><strong>\/<\/strong><\/span><\/td>\n<td style=\"width: 237px;height: 22px\"><span style=\"color: #0000ff\">&#98;&#x61;r&#98;&#x61;r&#97;&#x2e;p&#111;&#x74;o&#99;&#x6e;i&#107;&#x2d;k&#111;&#x6c;e&#110;&#x63;&#64;&#111;&#x73;-&#116;&#x69;n&#106;&#x65;&#46;&#x73;&#x69;<\/span><\/td>\n<\/tr>\n<\/tbody>\n<\/table>\n<p>&nbsp;<\/p>\n<\/div>\n<div style=\"text-align: center\">&nbsp;<\/div>\n<p>&nbsp;<\/p>\n<div style=\"text-align: center\">\n<p><span style=\"color: #000000\"><span style=\"font-size: 12pt\"><strong>&nbsp;<\/strong><\/span><\/span><\/p>\n<\/div>\n<div style=\"text-align: justify\"><span style=\"color: #000000\"><span style=\"font-size: 12pt\"><strong> <img decoding=\"async\" class=\"aligncenter\" src=\"https:\/\/encrypted-tbn0.gstatic.com\/images?q=tbn:ANd9GcSM2n_4DnMQAQ0_KHCc1VFZM9JphOZ8rhBGwQ&amp;usqp=CAU\" alt=\"Roditeljski sestanek in govorilne ure | Osnovna \u0161ola \u0160marjeta\"><\/strong><\/span><\/span><\/div>\n<div style=\"text-align: justify\">&nbsp;<\/div>\n","protected":false},"excerpt":{"rendered":"<p>&nbsp; Govorilne ure organiziramo vsak drugi ponedeljek v mesecu, od 15.30 do 16.30, in enkrat tedensko pri vsakem strokovnem delavcu v dopoldanskem \u010dasu. Na govorilne ure poleg star\u0161ev vabimo tudi u\u010dence. TEDENSKE GOVORILNE URE ZA STAR\u0160E V DOPOLDANSKEM \u010cASU \u0160OLSKO LETO 2025\u20132026 &nbsp; URA\/\u010cAS PONEDELJEK TOREK SREDA \u010cETRTEK PETEK 1.&nbsp; 7.45\u20138.30 &nbsp; &nbsp; Alojzija Mu\u0161i\u010d, [&hellip;]<\/p>\n","protected":false},"author":2887,"featured_media":36,"parent":0,"menu_order":4,"comment_status":"closed","ping_status":"open","template":"","meta":{"_et_pb_use_builder":"","_et_pb_old_content":"","_et_gb_content_width":"","ngg_post_thumbnail":0,"footnotes":""},"class_list":["post-37","page","type-page","status-publish","has-post-thumbnail","hentry"],"_links":{"self":[{"href":"https:\/\/www.os-tinje.si\/index.php?rest_route=\/wp\/v2\/pages\/37","targetHints":{"allow":["GET"]}}],"collection":[{"href":"https:\/\/www.os-tinje.si\/index.php?rest_route=\/wp\/v2\/pages"}],"about":[{"href":"https:\/\/www.os-tinje.si\/index.php?rest_route=\/wp\/v2\/types\/page"}],"author":[{"embeddable":true,"href":"https:\/\/www.os-tinje.si\/index.php?rest_route=\/wp\/v2\/users\/2887"}],"replies":[{"embeddable":true,"href":"https:\/\/www.os-tinje.si\/index.php?rest_route=%2Fwp%2Fv2%2Fcomments&post=37"}],"version-history":[{"count":15,"href":"https:\/\/www.os-tinje.si\/index.php?rest_route=\/wp\/v2\/pages\/37\/revisions"}],"predecessor-version":[{"id":8938,"href":"https:\/\/www.os-tinje.si\/index.php?rest_route=\/wp\/v2\/pages\/37\/revisions\/8938"}],"wp:featuredmedia":[{"embeddable":true,"href":"https:\/\/www.os-tinje.si\/index.php?rest_route=\/wp\/v2\/media\/36"}],"wp:attachment":[{"href":"https:\/\/www.os-tinje.si\/index.php?rest_route=%2Fwp%2Fv2%2Fmedia&parent=37"}],"curies":[{"name":"wp","href":"https:\/\/api.w.org\/{rel}","templated":true}]}}