{"id":736,"date":"2014-11-02T19:51:21","date_gmt":"2014-11-02T18:51:21","guid":{"rendered":"http:\/\/os-tinjenova.splet.arnes.si\/?p=736"},"modified":"2024-09-29T22:56:37","modified_gmt":"2024-09-29T20:56:37","slug":"tekmovanja","status":"publish","type":"page","link":"https:\/\/www.os-tinje.si\/?page_id=736","title":{"rendered":"TEKMOVANJA"},"content":{"rendered":"<div>&nbsp;<\/div>\n<div><span style=\"color: #000000\"><strong style=\"font-size: 1.56em\"><span style=\"font-size: 12pt\"><span class=\"sticky\">RAZPORED TEKMOVANJ V<\/span><\/span><span style=\"font-size: 12pt\"><span class=\"sticky\"> \u0160OLSKEM LETU 2024\/25<\/span><\/span><\/strong><\/span><\/div>\n<div>&nbsp;<\/div>\n<div class=\"entry-content\">\n<table style=\"height: 666px;width: 717px\" width=\"579\">\n<tbody>\n<tr style=\"height: 40px\">\n<td style=\"height: 40px;width: 175.3px\"><span style=\"color: #000000\"><strong>TEKMOVANJE<\/strong><\/span><\/td>\n<td style=\"height: 40px;width: 233.4px\"><span style=\"color: #000000\"><strong>NOSILEC<\/strong><\/span><\/td>\n<td style=\"height: 40px;width: 289.5px\"><span style=\"color: #000000\"><strong>DATUM \u0160OL. TEKM.<\/strong><\/span><\/td>\n<\/tr>\n<tr style=\"height: 40px\">\n<td style=\"height: 40px;width: 175.3px\"><span style=\"color: #000000\">Logika<\/span><\/td>\n<td style=\"height: 40px;width: 233.4px\"><span style=\"color: #000000\">Anita Cizerl<\/span><\/td>\n<td style=\"height: 40px;width: 289.5px\"><span style=\"color: #000000\">26. september 2024 \u2013 \u0161olsko<\/span><br \/>\n<span style=\"color: #000000\">19. oktober 2024 \u2013 regijsko<\/span><br \/>\n<span style=\"color: #000000\">9. november 2024 \u2013 dr\u017eavno<\/span><\/td>\n<\/tr>\n<tr style=\"height: 40px\">\n<td style=\"height: 68px;width: 175.3px\"><span style=\"color: #000000\">Sloven\u0161\u010dina (Cankarjevo) od 1. do 7. razreda (interesno tekmovanje)<\/span><\/td>\n<td style=\"height: 68px;width: 233.4px\"><span style=\"color: #000000\">Maja \u0160pes, Silva Kos<\/span><\/td>\n<td style=\"height: 68px;width: 289.5px\"><span style=\"color: #000000\">2. april 2025 \u2013 \u0161olsko<\/span><\/td>\n<\/tr>\n<tr style=\"height: 22px\">\n<td style=\"height: 10px;width: 175.3px\"><span style=\"color: #000000\">Sloven\u0161\u010dina (Cankarjevo) 8. in 9. razred (selekcijsko tekmovanje)<\/span><\/td>\n<td style=\"height: 10px;width: 233.4px\"><span style=\"color: #000000\">Maja \u0160pes<\/span><\/td>\n<td style=\"height: 10px;width: 289.5px\"><span style=\"color: #000000\">21. november 2024 \u2013 \u0161olsko<\/span><br \/>\n<span style=\"color: #000000\">21. januar 2025 \u2013 regijsko<\/span><br \/>\n<span style=\"color: #000000\">11. marec 2025 \u2013 dr\u017eavno<\/span><\/td>\n<\/tr>\n<tr style=\"height: 48px\">\n<td style=\"height: 48px;width: 175.3px\"><span style=\"color: #000000\">Angle\u0161\u010dina 8. in 9. r.<\/span><\/td>\n<td style=\"height: 48px;width: 233.4px\"><span style=\"color: #000000\">Dragica Kri\u017eaj<\/span><\/td>\n<td style=\"height: 48px;width: 289.5px\"><span style=\"color: #000000\">19. november 2024 \u2013 \u0161olsko<\/span><br \/>\n<span style=\"color: #000000\">3. marec 2025 \u2013 dr\u017eavno<\/span><\/td>\n<\/tr>\n<tr style=\"height: 22px\">\n<td style=\"height: 22px;width: 175.3px\"><span style=\"color: #000000\">Zgodovina<\/span><\/td>\n<td style=\"height: 22px;width: 233.4px\"><span style=\"color: #000000\">Igor Javernik<\/span><\/td>\n<td style=\"height: 22px;width: 289.5px\"><span style=\"color: #000000\">5. december 2024 \u2013 \u0161olsko<\/span><br \/>\n<span style=\"color: #000000\">6. marec 2025 \u2013 dr\u017eavno<\/span><\/td>\n<\/tr>\n<tr style=\"height: 40px\">\n<td style=\"height: 40px;width: 175.3px\"><span style=\"color: #000000\">Biologija<\/span><\/td>\n<td style=\"height: 40px;width: 233.4px\"><span style=\"color: #000000\">Bogdana Drozg Oni\u010d<\/span><\/td>\n<td style=\"height: 40px;width: 289.5px\"><span style=\"color: #000000\">16. oktober 2024 \u2013 regijsko<\/span><br \/>\n<span style=\"color: #000000\">6. december 2024 \u2013 dr\u017eavno<\/span><\/td>\n<\/tr>\n<tr style=\"height: 75px\">\n<td style=\"width: 175.3px;height: 75px\"><span style=\"color: #000000\">Sre\u010danje mladih raziskovalcev<\/span><\/td>\n<td style=\"width: 233.4px;height: 75px\"><span style=\"color: #000000\">Bogdana Drozg Oni\u010d<\/span><\/td>\n<td style=\"width: 289.5px;height: 75px\"><span style=\"color: #000000\">4. april 2025 \u2013 regijsko<\/span><br \/>\n<span style=\"color: #000000\">maj 2025 \u2013 dr\u017eavno<\/span><\/td>\n<\/tr>\n<tr style=\"height: 22px\">\n<td style=\"height: 22px;width: 175.3px\"><span style=\"color: #000000\">Astronomija (Dominkovo)<\/span><\/td>\n<td style=\"height: 22px;width: 233.4px\"><span style=\"color: #000000\">Alojzija Mu\u0161i\u010d<\/span><\/td>\n<td style=\"height: 22px;width: 289.5px\"><span style=\"color: #000000\">4. december 2024 \u2013 \u0161olsko<\/span><br \/>\n<span style=\"color: #000000\">11. januar 2025 \u2013 dr\u017eavno<\/span><\/td>\n<\/tr>\n<tr style=\"height: 22px\">\n<td style=\"height: 22px;width: 175.3px\"><span style=\"color: #000000\">Kemija (Preglovo)<\/span><\/td>\n<td style=\"height: 22px;width: 233.4px\"><span style=\"color: #000000\">Bogdana Drozg Oni\u010d<\/span><\/td>\n<td style=\"height: 22px;width: 289.5px\"><span style=\"color: #000000\">13. januar 2025 \u2013 \u0161olsko<\/span><br \/>\n<span style=\"color: #000000\">22. marec 2025 \u2013 regijsko<\/span><br \/>\n<span style=\"color: #000000\">10. maj 2025 \u2013 dr\u017eavno<\/span><\/td>\n<\/tr>\n<tr style=\"height: 58px\">\n<td style=\"height: 58px;width: 175.3px\">&nbsp;<\/td>\n<td style=\"height: 58px;width: 233.4px\">&nbsp;<\/td>\n<td style=\"height: 58px;width: 289.5px\">&nbsp;<\/td>\n<\/tr>\n<tr style=\"height: 22px\">\n<td style=\"height: 22px;width: 175.3px\"><span style=\"color: #000000\">Fizika (Stefanovo)<\/span><\/td>\n<td style=\"height: 22px;width: 233.4px\"><span style=\"color: #000000\">Alojzija Mu\u0161i\u010d<\/span><\/td>\n<td style=\"height: 22px;width: 289.5px\"><span style=\"color: #000000\">12. februar 2025 \u2013 \u0161olsko<\/span><br \/>\n<span style=\"color: #000000\">3. april 2025 \u2013 regijsko<\/span><br \/>\n<span style=\"color: #000000\">17. maj 2025 \u2013 dr\u017eavno<\/span><\/td>\n<\/tr>\n<tr style=\"height: 22px\">\n<td style=\"height: 22px;width: 175.3px\"><span style=\"color: #000000\">Matematika (Vegovo)<\/span><\/td>\n<td style=\"height: 22px;width: 233.4px\"><span style=\"color: #000000\">Anita Cizerl<\/span><\/td>\n<td style=\"height: 22px;width: 289.5px\"><span style=\"color: #000000\">20. marec 2025 \u2013 \u0161olsko<\/span><br \/>\n<span style=\"color: #000000\">10. april 2025 \u2013 regijsko<\/span><br \/>\n<span style=\"color: #000000\">8. maj 2025 \u2013 dr\u017eavno<\/span><\/td>\n<\/tr>\n<tr style=\"height: 40px\">\n<td style=\"height: 40px;width: 175.3px\"><span style=\"color: #000000\">Mehur\u010dki tekmovanje iz sloven\u0161\u010dine od 1. do 3. r.<\/span><\/td>\n<td style=\"height: 40px;width: 233.4px\"><span style=\"color: #000000\">Silva Kos<\/span><\/td>\n<td style=\"height: 40px;width: 289.5px\">\n<ul>\n<li><span style=\"color: #000000\">4. april 2023 \u2013 \u0161olsko<\/span><\/li>\n<\/ul>\n<\/td>\n<\/tr>\n<tr style=\"height: 22px\">\n<td style=\"height: 22px;width: 175.3px\"><span style=\"color: #000000\">Vesela \u0161ola (MKZ)<\/span><\/td>\n<td style=\"height: 22px;width: 233.4px\"><span style=\"color: #000000\">Dragica Kri\u017eaj<\/span><\/td>\n<td style=\"height: 22px;width: 289.5px\"><span style=\"color: #000000\">5. marec 2025 \u2013 \u0161olsko<\/span><br \/>\n<span style=\"color: #000000\">9. april 2025 &#8211; dr\u017eavno<\/span><\/td>\n<\/tr>\n<tr style=\"height: 22px\">\n<td style=\"height: 22px;width: 175.3px\"><span style=\"color: #000000\">&nbsp;Cici vesela \u0161ola<\/span><\/td>\n<td style=\"height: 22px;width: 233.4px\"><span style=\"color: #000000\">&nbsp;Silva Kos<\/span><\/td>\n<td style=\"height: 22px;width: 289.5px\"><span style=\"color: #000000\">&nbsp;\/<\/span><\/td>\n<\/tr>\n<tr style=\"height: 22px\">\n<td style=\"height: 22px;width: 175.3px\"><span style=\"color: #000000\">&nbsp;Kaj ve\u0161 o prometu?<\/span><\/td>\n<td style=\"height: 22px;width: 233.4px\"><span style=\"color: #000000\">Igor Javernik<\/span><\/td>\n<td style=\"height: 22px;width: 289.5px\"><span style=\"color: #000000\">April 2025<\/span><\/td>\n<\/tr>\n<tr style=\"height: 71px\">\n<td style=\"width: 175.3px;height: 71px\"><span style=\"color: #000000\">Bralna zna\u010dka<\/span><\/td>\n<td style=\"width: 233.4px;height: 71px\"><span style=\"color: #000000\">Razredni\u010darke od 1. do 4.<br \/>\nrazreda, Andreja Toma\u017ei\u010d,<br \/>\nMaja \u0160pes<\/span><\/td>\n<td style=\"width: 289.5px;height: 71px\"><span style=\"color: #000000\">Do maja 2025<\/span><\/td>\n<\/tr>\n<\/tbody>\n<\/table>\n<p><img decoding=\"async\" class=\"alignleft\" src=\"https:\/\/encrypted-tbn0.gstatic.com\/images?q=tbn:ANd9GcSFjehkoo0XDpr6Pa3Rkgbvf0fY-U2c3xTjfQ&amp;usqp=CAU\" alt=\"\u0160olsko tekmovanje iz LOGIKE | Osnovna \u0161ola Tabor I\"><\/p>\n<\/div>\n","protected":false},"excerpt":{"rendered":"<p>&nbsp; RAZPORED TEKMOVANJ V \u0160OLSKEM LETU 2024\/25 &nbsp; TEKMOVANJE NOSILEC DATUM \u0160OL. TEKM. Logika Anita Cizerl 26. september 2024 \u2013 \u0161olsko 19. oktober 2024 \u2013 regijsko 9. november 2024 \u2013 dr\u017eavno Sloven\u0161\u010dina (Cankarjevo) od 1. do 7. razreda (interesno tekmovanje) Maja \u0160pes, Silva Kos 2. april 2025 \u2013 \u0161olsko Sloven\u0161\u010dina (Cankarjevo) 8. in 9. razred [&hellip;]<\/p>\n","protected":false},"author":2887,"featured_media":0,"parent":0,"menu_order":0,"comment_status":"closed","ping_status":"closed","template":"","meta":{"_et_pb_use_builder":"","_et_pb_old_content":"","_et_gb_content_width":"","ngg_post_thumbnail":0,"footnotes":""},"class_list":["post-736","page","type-page","status-publish","hentry"],"_links":{"self":[{"href":"https:\/\/www.os-tinje.si\/index.php?rest_route=\/wp\/v2\/pages\/736","targetHints":{"allow":["GET"]}}],"collection":[{"href":"https:\/\/www.os-tinje.si\/index.php?rest_route=\/wp\/v2\/pages"}],"about":[{"href":"https:\/\/www.os-tinje.si\/index.php?rest_route=\/wp\/v2\/types\/page"}],"author":[{"embeddable":true,"href":"https:\/\/www.os-tinje.si\/index.php?rest_route=\/wp\/v2\/users\/2887"}],"replies":[{"embeddable":true,"href":"https:\/\/www.os-tinje.si\/index.php?rest_route=%2Fwp%2Fv2%2Fcomments&post=736"}],"version-history":[{"count":15,"href":"https:\/\/www.os-tinje.si\/index.php?rest_route=\/wp\/v2\/pages\/736\/revisions"}],"predecessor-version":[{"id":8283,"href":"https:\/\/www.os-tinje.si\/index.php?rest_route=\/wp\/v2\/pages\/736\/revisions\/8283"}],"wp:attachment":[{"href":"https:\/\/www.os-tinje.si\/index.php?rest_route=%2Fwp%2Fv2%2Fmedia&parent=736"}],"curies":[{"name":"wp","href":"https:\/\/api.w.org\/{rel}","templated":true}]}}