{"id":7417,"date":"2022-06-15T06:14:03","date_gmt":"2022-06-15T04:14:03","guid":{"rendered":"https:\/\/os-tinjenova.splet.arnes.si\/?page_id=7417"},"modified":"2022-06-15T21:23:30","modified_gmt":"2022-06-15T19:23:30","slug":"projekt-ddk","status":"publish","type":"page","link":"https:\/\/www.os-tinje.si\/?page_id=7417","title":{"rendered":"PROJEKT DDK"},"content":{"rendered":"<h3 id=\"Partnerji-projekta\"><strong><a href=\"https:\/\/www.os-tinje.si\/files\/2022\/06\/Banner_700-x-215-Dvig-digitalne-kompetence.png\"><img loading=\"lazy\" decoding=\"async\" class=\" wp-image-7421 aligncenter\" src=\"https:\/\/www.os-tinje.si\/files\/2022\/06\/Banner_700-x-215-Dvig-digitalne-kompetence.png\" alt=\"\" width=\"859\" height=\"264\" srcset=\"https:\/\/www.os-tinje.si\/files\/2022\/06\/Banner_700-x-215-Dvig-digitalne-kompetence.png 859w, https:\/\/www.os-tinje.si\/files\/2022\/06\/Banner_700-x-215-Dvig-digitalne-kompetence-480x147.png 480w\" sizes=\"(min-width: 0px) and (max-width: 480px) 480px, (min-width: 481px) 859px, 100vw\" \/><\/a><\/strong><\/h3>\n<p class=\"has-text-align-center\"><span style=\"color: #000000\"><strong><em>Nalo\u017ebo sofinancirata Republika Slovenija in Evropska unija iz Evropskega socialnega sklada<\/em><\/strong><\/span><\/p>\n<p><span style=\"color: #000000\"><strong>Namen&nbsp;<\/strong>projekta Dvig digitalne kompetentnosti je izbolj\u0161ati kakovost in u\u010dinkovitost izobra\u017eevanja in usposabljanj ter spodbujati razvoj inovativnih u\u010dnih okolij in pro\u017enih oblik u\u010denja, ki bodo prispevali k dvigu digitalnih kompetenc vodstvenih in strokovnih delavcev, otrok, u\u010dencev in dijakov.<\/span><\/p>\n<p><span style=\"color: #000000\"><strong>Cilj&nbsp;<\/strong>projekta je razvoj pro\u017enej\u0161ih oblik u\u010denja s pomo\u010djo u\u010dinkovite rabe digitalnih tehnologij v VIZ ter s tem spodbujanje strokovnih delavcev VIZ za reflektivno prakso, na\u010drtovanje ter udejanjanje lastnega strokovnega razvoja (digitalnih strategij VIZ-a, digitalnih kompetenc strokovnih delavcev in otrok\/u\u010dencev\/dijakov).<\/span><\/p>\n<p><span style=\"color: #000000\"><strong>Ciljne skupine<\/strong>, ki so vklju\u010dene v projekt, so vzgojno-izobra\u017eevalni zavodi, znotraj teh pa zaposleni: strokovni delavci (ravnatelji, u\u010ditelji in drugo strokovno osebje) na podro\u010dju pred\u0161olske vzgoje, osnovno\u0161olskega izobra\u017eevanja, osnovnega glasbenega izobra\u017eevanja, poklicnega in strokovnega izobra\u017eevanja, srednjega splo\u0161nega izobra\u017eevanja, vzgoje in izobra\u017eevanja otrok in mladostnikov s posebnimi potrebami, vzgoje in izobra\u017eevanja v dija\u0161kih domovih ter posledi\u010dno otroci, u\u010denci in dijaki.<\/span><\/p>\n<p><span style=\"color: #000000\">Kon\u010dna dodana vrednost programa bo glede na razli\u010dno raven digitalne kompetentnosti posameznih strokovnih delavcev in VIZ-a v celoti izdelana digitalna strategija za posamezen VIZ in na osnovi strategije izvedena usposabljanja ter udejanjanje teh znanj v vzgojno-izobra\u017eevalnem procesu. Izdelava strategije bo temeljila na analizi stanja in pripravi akcijskega na\u010drta. To pomeni, da bodo zaposleni v posameznem VIZ-u aktivni udele\u017eenci v procesu analize ter v procesu priprave in izvajanja akcijskega na\u010drta in s tem opolnomo\u010deni za evalvacijo in nadgradnjo digitalne strategije znotraj zavoda tudi po zaklju\u010dku programa.<\/span><\/p>\n<p><span style=\"color: #000000\">Projekt Dvig digitalne kompetentnosti se od dosedanjih usposabljanj na podro\u010dju digitalnih kompetenc razlikuje v izhajanju iz dejanskih potreb posameznega VIZ-a in na\u010drtovanju strategij VIZ-a za dvig digitalnih kompetenc.&nbsp;<\/span><\/p>\n<h3 id=\"Ugotovljeni-problemi-in-izzivi\"><span style=\"color: #000000\"><strong>Ugotovljeni problemi in izzivi<\/strong><\/span><\/h3>\n<p><span style=\"color: #000000\">Kljub \u0161tevilnim strate\u0161kim dokumentom, strategijam, smernicam, projektom, usposabljanjem in drugim pobudam ugotavljamo, da ostaja v slovenskem \u0161olskem prostoru problem smiselne rabe digitalne tehnologije. Zato vodstveni in strokovni delavci potrebujejo sistemati\u010dno podporo za u\u010dinkovito rabo digitalnih tehnologij pri doseganju vzgojno-izobra\u017eevalnih ciljev in razvijanju digitalnih kompetenc u\u010de\u010dih se.<\/span><\/p>\n<p><span style=\"color: #000000\">Opravljene analize ka\u017eejo na nujno ukrepanje na treh podro\u010djih:<\/span><\/p>\n<ul>\n<li><span style=\"color: #000000\">inovativnih pristopih pedago\u0161kega vodenja in na\u010drtovanja u\u010dinkovite rabe digitalnih tehnologij v VIZ,<\/span><\/li>\n<li><span style=\"color: #000000\">pedago\u0161kih digitalnih kompetencah strokovnih delavcev VIZ-ov in<\/span><\/li>\n<li><span style=\"color: #000000\">u\u010dinkovite rabe digitalnih tehnologij v vzgojno-izobra\u017eevalnem procesu in s tem posledi\u010dno povezanem dvigu digitalnih kompetenc otrok, u\u010dencev, dijakov.<\/span><\/li>\n<\/ul>\n<h3 id=\"Dejavnosti-v-projektu\"><span style=\"color: #000000\"><strong>Dejavnosti v projektu<\/strong><\/span><\/h3>\n<p><span style=\"color: #000000\">V programu bodo zasnovane, preizku\u0161ene in evalvirane raznolike dejavnosti za razvoj digitalne kompetentnosti dele\u017enikov v vzgoji in izobra\u017eevanju:<\/span><\/p>\n<ul>\n<li><span style=\"color: #000000\">razli\u010dna usposabljanja in izobra\u017eevanja za profesionalni razvoj pedago\u0161kih digitalnih kompetenc strokovnih delavcev VIZ-a,<\/span><\/li>\n<li><span style=\"color: #000000\">podporno spletno okolje za u\u010dinkovito rabo digitalnih tehnologij v VIZ-ih (interaktivni u\u010dni na\u010drt z dodanimi pripravljenimi gradivi in povezavami, mo\u017enostjo kreiranja letne in sprotnih priprav na VIZ), orodja za samopreverjanje digitalnih pedago\u0161kih kompetenc in u\u010dinkovite rabe digitalnih tehnologij VIZ, digitalna gradiva, primeri dobre rabe),<\/span><\/li>\n<li><span style=\"color: #000000\">vzpostavljene u\u010de\u010de se skupnosti digitalnih znanj in izku\u0161enj znotraj VIZ in prenos na ostale VIZ-e,<\/span><\/li>\n<li><span style=\"color: #000000\">priro\u010dnik za dvig digitalnih kompetenc na VIZ-u.<\/span><\/li>\n<\/ul>\n<h3 id=\"Pri\u010dakovani-rezultati\"><span style=\"color: #000000\"><strong>Pri\u010dakovani rezultati<\/strong><\/span><\/h3>\n<p><span style=\"color: #000000\">Rezultat programa bo opolnomo\u010denje strokovnih delavcev VIZ za razvoj digitalnih strategij VIZ-a, strokovnih, pedago\u0161kih digitalnih kompetenc strokovnih delavcev in procesno razvijanje digitalnih kompetenc otrok, u\u010dencev in dijakov.<\/span><\/p>\n<h3 id=\"Konzorcijski-partnerji\"><span style=\"color: #000000\"><strong>Konzorcijski partnerji<\/strong><\/span><\/h3>\n<ul>\n<li><span style=\"color: #000000\">Zavod Republike Slovenije za \u0161olstvo (poslovode\u010di partner)&nbsp; &nbsp; &nbsp; &nbsp;<span lang=\"EN-US\" xml:lang=\"EN-US\" data-usefontface=\"true\" data-contrast=\"none\"><a href='https:\/\/www.zrss.si\/projekti\/dvig-digitalne-kompetentnosti\/' class='small-button smallblue' target=\"_blank\">DDK &#8211; ZRS\u0160<\/a> &nbsp;<\/span><\/span><\/li>\n<li><span style=\"color: #000000\"><a style=\"color: #000000\" href=\"http:\/\/www.arnes.si\/\" target=\"_blank\" rel=\"noreferrer noopener\">Akademska in raziskovalna mre\u017ea Slovenije \u2013&nbsp;ARNES<\/a><\/span><\/li>\n<\/ul>\n<h3 id=\"Partnerji-projekta\"><span style=\"color: #000000\"><strong>Partnerji projekta<\/strong><\/span><\/h3>\n<p><span style=\"color: #000000\">V izvajanje programa je vklju\u010denih 220 vzgojno-izobra\u017eevalnih zavodov oz. organizacijskih enot vzgojno-izobra\u017eevalnih zavodov, ki bodo izvedli predvidene aktivnosti, opredeljene&nbsp;<a style=\"color: #000000\" href=\"https:\/\/www.zrss.si\/novice\/javni-poziv-za-izbor-sodelujocih-vzgojno-izobrazevalnih-zavodov-v-programu-dvig-digitalne-kompetentnosti\/\" target=\"_blank\" rel=\"noreferrer noopener\">v javnem pozivu za izbor sodelujo\u010dih vzgojno-izobra\u017eevalnih zavodov v programu Dvig digitalne kompetentnosti<\/a>. Zaposlenim v VIZ-ih, ki ne bodo vklju\u010deni&nbsp; v program (to so VIZ-i, ki se niso prijavili k sodelovanju), bo omogo\u010dena udele\u017eba na usposabljanjih, ki jih bosta izvajala konzorcijska partnerja.<\/span><\/p>\n<h3 id=\"Finan\u010dna-podpora\"><span style=\"color: #000000\"><strong>Finan\u010dna podpora<\/strong><\/span><\/h3>\n<p><span style=\"color: #000000\">Skupna vi\u0161ina sredstev, namenjena za izvedbo projekta, je 1.950.000,00 EUR.<\/span><\/p>\n<p><a href=\"http:\/\/www.arnes.si\/\" target=\"_blank\" rel=\"noopener\"><img loading=\"lazy\" decoding=\"async\" class=\"wp-image-32325\" src=\"https:\/\/www.zrss.si\/wp-content\/uploads\/2022\/03\/Zajeta-slika-4.jpg\" alt=\"\" width=\"241\" height=\"108\"> &nbsp; &nbsp; &nbsp; &nbsp; &nbsp; &nbsp; &nbsp; &nbsp; &nbsp; &nbsp; <\/a><a href=\"https:\/\/www.zrss.si\/\"><img loading=\"lazy\" decoding=\"async\" class=\"wp-image-593\" src=\"https:\/\/www.zrss.si\/wp-content\/uploads\/2020\/09\/ZRSS_barvni_lezeci_manjsa.jpg\" alt=\"ZRSS Barvni le\u017ee\u010di logo\" width=\"343\" height=\"58\"><\/a><\/p>\n<p>&nbsp;<\/p>\n<p><a href=\"https:\/\/www.eu-skladi.si\/\" target=\"_blank\" rel=\"noreferrer noopener\"><img loading=\"lazy\" decoding=\"async\" class=\"wp-image-588\" src=\"https:\/\/www.zrss.si\/wp-content\/uploads\/2020\/09\/logo-ess-2016.png\" alt=\"\" width=\"160\" height=\"59\">&nbsp; &nbsp; &nbsp; &nbsp; &nbsp; &nbsp; &nbsp; &nbsp; &nbsp; &nbsp; &nbsp; &nbsp; &nbsp; &nbsp; &nbsp; &nbsp; &nbsp; &nbsp; &nbsp; &nbsp; &nbsp; &nbsp; &nbsp; &nbsp; <\/a><a href=\"https:\/\/www.gov.si\/drzavni-organi\/ministrstva\/ministrstvo-za-izobrazevanje-znanost-in-sport\/\" target=\"_blank\" rel=\"noopener\"><img loading=\"lazy\" decoding=\"async\" class=\"wp-image-589\" src=\"https:\/\/www.zrss.si\/wp-content\/uploads\/2020\/09\/rob-logotip-mizs.png\" alt=\"\" width=\"200\" height=\"32\"><\/a><\/p>\n<div class=\"wp-container-3 wp-block-columns\">\n<div class=\"wp-container-1 wp-block-column\">\n<div class=\"wp-block-image\">&nbsp;<\/div>\n<\/div>\n<div class=\"wp-container-2 wp-block-column\">\n<div class=\"wp-block-image\">&nbsp;<\/div>\n<\/div>\n<\/div>\n<div class=\"wp-container-6 wp-block-columns\">\n<div class=\"wp-container-4 wp-block-column\">\n<div class=\"wp-block-image\">&nbsp;<\/div>\n<\/div>\n<div class=\"wp-container-5 wp-block-column\">\n<div class=\"wp-block-image\">&nbsp;<\/div>\n<\/div>\n<\/div>\n","protected":false},"excerpt":{"rendered":"<p>Nalo\u017ebo sofinancirata Republika Slovenija in Evropska unija iz Evropskega socialnega sklada Namen&nbsp;projekta Dvig digitalne kompetentnosti je izbolj\u0161ati kakovost in u\u010dinkovitost izobra\u017eevanja in usposabljanj ter spodbujati razvoj inovativnih u\u010dnih okolij in pro\u017enih oblik u\u010denja, ki bodo prispevali k dvigu digitalnih kompetenc vodstvenih in strokovnih delavcev, otrok, u\u010dencev in dijakov. Cilj&nbsp;projekta je razvoj pro\u017enej\u0161ih oblik u\u010denja s [&hellip;]<\/p>\n","protected":false},"author":2887,"featured_media":0,"parent":0,"menu_order":0,"comment_status":"closed","ping_status":"closed","template":"","meta":{"_et_pb_use_builder":"","_et_pb_old_content":"","_et_gb_content_width":"","ngg_post_thumbnail":0,"footnotes":""},"class_list":["post-7417","page","type-page","status-publish","hentry"],"_links":{"self":[{"href":"https:\/\/www.os-tinje.si\/index.php?rest_route=\/wp\/v2\/pages\/7417","targetHints":{"allow":["GET"]}}],"collection":[{"href":"https:\/\/www.os-tinje.si\/index.php?rest_route=\/wp\/v2\/pages"}],"about":[{"href":"https:\/\/www.os-tinje.si\/index.php?rest_route=\/wp\/v2\/types\/page"}],"author":[{"embeddable":true,"href":"https:\/\/www.os-tinje.si\/index.php?rest_route=\/wp\/v2\/users\/2887"}],"replies":[{"embeddable":true,"href":"https:\/\/www.os-tinje.si\/index.php?rest_route=%2Fwp%2Fv2%2Fcomments&post=7417"}],"version-history":[{"count":6,"href":"https:\/\/www.os-tinje.si\/index.php?rest_route=\/wp\/v2\/pages\/7417\/revisions"}],"predecessor-version":[{"id":7425,"href":"https:\/\/www.os-tinje.si\/index.php?rest_route=\/wp\/v2\/pages\/7417\/revisions\/7425"}],"wp:attachment":[{"href":"https:\/\/www.os-tinje.si\/index.php?rest_route=%2Fwp%2Fv2%2Fmedia&parent=7417"}],"curies":[{"name":"wp","href":"https:\/\/api.w.org\/{rel}","templated":true}]}}