{"id":7542,"date":"2022-11-30T10:01:55","date_gmt":"2022-11-30T09:01:55","guid":{"rendered":"https:\/\/os-tinjenova.splet.arnes.si\/?page_id=7542"},"modified":"2022-11-30T19:43:25","modified_gmt":"2022-11-30T18:43:25","slug":"dejavnosti-v-projektu-ddk","status":"publish","type":"page","link":"https:\/\/www.os-tinje.si\/?page_id=7542","title":{"rendered":"DEJAVNOSTI DDK"},"content":{"rendered":"<p><span style=\"color: #ff0000\"><strong>Opravljene naloge v okviru projekta DDK<\/strong><\/span><\/p>\n<table style=\"border-collapse: collapse;width: 83.4004%;height: 345px\" border=\"1\">\n<tbody>\n<tr style=\"height: 23px\">\n<td style=\"width: 23.693%;height: 23px\"><span style=\"color: #000000\">15. 6. 2021<\/span><\/td>\n<td style=\"width: 76.2555%;height: 23px\"><span style=\"color: #000000\">Javna objava in poziv za izbor sodelujo\u010dih VIZ v programu DDK<\/span><\/td>\n<\/tr>\n<tr style=\"height: 23px\">\n<td style=\"width: 23.693%;height: 23px\"><span style=\"color: #000000\">29. 6. 2021<\/span><\/td>\n<td style=\"width: 76.2555%;height: 23px\"><span style=\"color: #000000\">Informativni sestanek o programu DDK<\/span><\/td>\n<\/tr>\n<tr style=\"height: 23px\">\n<td style=\"width: 23.693%;height: 23px\"><span style=\"color: #000000\">5. 7. 2021<\/span><\/td>\n<td style=\"width: 76.2555%;height: 23px\"><span style=\"color: #000000\">Prijava v program DDK<\/span><\/td>\n<\/tr>\n<tr style=\"height: 23px\">\n<td style=\"width: 23.693%;height: 23px\"><span style=\"color: #000000\">30. 3. 2022<\/span><\/td>\n<td style=\"width: 76.2555%;height: 23px\"><span style=\"color: #000000\">Prvo delovno sre\u010danje v projektu DDK (ravnatelj, vodja \u0161olskega razvojnega tima)<\/span><\/td>\n<\/tr>\n<tr style=\"height: 23px\">\n<td style=\"width: 23.693%;height: 23px\"><span style=\"color: #000000\">11. 5. 2022<\/span><\/td>\n<td style=\"width: 76.2555%;height: 23px\"><span style=\"color: #000000\">Usposabljanje \u0161olskih koordinatorjev za vzpostavitev SELFIE orodja<\/span><\/td>\n<\/tr>\n<tr style=\"height: 23px\">\n<td style=\"width: 23.693%;height: 23px\"><span style=\"color: #000000\">22. 5. 2022<\/span><\/td>\n<td style=\"width: 76.2555%;height: 23px\"><span style=\"color: #000000\">Reflektivne prakse strokovnih delavcev VIZ na podro\u010dju pedago\u0161kih digitalnih kompetenc &#8211; predstavitev ciljev projekta DDK, napoved refleksije z orodjem SELFIE, vpra\u0161alnik o stanju digitalne kompetentnosti na \u0161oli<\/span><\/td>\n<\/tr>\n<tr style=\"height: 23px\">\n<td style=\"width: 23.693%;height: 23px\"><span style=\"color: #000000\">25. 5 2022<\/span><\/td>\n<td style=\"width: 76.2555%;height: 23px\"><span style=\"color: #000000\">Usposabljanje \u0161olskih koordinatorjev za vzpostavitev SELFIE orodja za samoocenjevanje \u0161ol in njegovo uporabo<\/span><\/td>\n<\/tr>\n<tr style=\"height: 23px\">\n<td style=\"width: 23.693%;height: 23px\"><span style=\"color: #000000\">Od 30. 5. 2022 <\/span><span style=\"color: #000000\">do 6. 6. 2022<\/span><\/td>\n<td style=\"width: 76.2555%;height: 23px\"><span style=\"color: #000000\">Anketni vpra\u0161alnik SELFIE za u\u010dence in strokovne delavce<\/span><\/td>\n<\/tr>\n<tr style=\"height: 23px\">\n<td style=\"width: 23.693%;height: 23px\"><span style=\"color: #000000\">8. 6. 2022<\/span><\/td>\n<td style=\"width: 76.2555%;height: 23px\"><span style=\"color: #000000\">Delovno sre\u010danje vodij \u0161olskih projektnih timov o \u010dasovnici in obvezni dokumentaciji projekta<\/span><\/td>\n<\/tr>\n<tr style=\"height: 23px\">\n<td style=\"width: 23.693%;height: 23px\"><span style=\"color: #000000\">22. 6. 2022<\/span><\/td>\n<td style=\"width: 76.2555%;height: 23px\"><span style=\"color: #000000\">Oddaja poro\u010dila o samoevalvaciji z orodjem SELFIE<\/span><\/td>\n<\/tr>\n<tr style=\"height: 23px\">\n<td style=\"width: 23.693%;height: 23px\"><span style=\"color: #000000\">28. 6. 2022<\/span><\/td>\n<td style=\"width: 76.2555%;height: 23px\"><span style=\"color: #000000\">Usposabljanje \u0161olskih timov za pripravo digitalne strategije \u0161ole<\/span><\/td>\n<\/tr>\n<tr style=\"height: 23px\">\n<td style=\"width: 23.693%;height: 23px\"><span style=\"color: #000000\">1. 7. 2022<\/span><\/td>\n<td style=\"width: 76.2555%;height: 23px\"><span style=\"color: #000000\">1.&nbsp; sestanek \u0161olskega tima za pripravo digitalne strategije<\/span><\/td>\n<\/tr>\n<tr style=\"height: 23px\">\n<td style=\"width: 23.693%;height: 23px\"><span style=\"color: #000000\">17. 8. 2022<\/span><\/td>\n<td style=\"width: 76.2555%;height: 23px\"><span style=\"color: #000000\">2. sestanek \u0161olskega tima&nbsp;<\/span><\/td>\n<\/tr>\n<tr>\n<td style=\"width: 23.693%\"><span style=\"color: #000000\">29. 8. 2022<\/span><\/td>\n<td style=\"width: 76.2555%\"><span style=\"color: #000000\">3. sestanek \u0161olskega tima<\/span><\/td>\n<\/tr>\n<tr style=\"height: 23px\">\n<td style=\"width: 23.693%;height: 23px\"><span style=\"color: #000080\"><strong>29. 8. 2022<\/strong><\/span><\/td>\n<td style=\"width: 76.2555%;height: 23px\"><span style=\"color: #000080\"><strong>Izobra\u017eevalna aktivnost za strokovne delavce: Elektronsko vodenje \u0161olske dokumentacije<\/strong><\/span><\/td>\n<\/tr>\n<tr>\n<td style=\"width: 23.693%\"><span style=\"color: #000000\">14. 9. 2022<\/span><\/td>\n<td style=\"width: 76.2555%\"><span style=\"color: #000000\">Drugi del usposabljanja za pripravo digitalne strategije<\/span><\/td>\n<\/tr>\n<tr>\n<td style=\"width: 23.693%\"><span style=\"color: #000080\">30. 9. 2022<\/span><\/td>\n<td style=\"width: 76.2555%\">\n<p><span style=\"color: #000080\"><strong>DIGITALNA STRATEGIJA O\u0160 PARTIZANSKA BOLNI\u0160NICA JESEN TINJE je izvedbeni na\u010drt za razvijanje digitalnih kompetenc u\u010diteljev in u\u010dencev v \u0161olskem letu 2022\/2023.&nbsp;<\/strong>&nbsp;&nbsp; &nbsp; &nbsp; &nbsp; &nbsp;<\/span><\/p>\n<p><span style=\"color: #000080\"><a href='https:\/\/www.os-tinje.si\/files\/2022\/11\/DIG_STR_OS_Tinje.pdf' class='small-button smallblue' target=\"_blank\">DIGITALNA STRATEGIJA<\/a><\/span><\/td>\n<\/tr>\n<tr style=\"height: 23px\">\n<td style=\"width: 23.693%;height: 23px\"><span style=\"color: #000080\">10. 10. 2022<\/span><\/td>\n<td style=\"width: 76.2555%;height: 23px\"><span style=\"color: #000080\"><strong>Izobra\u017eevalna aktivnost za strokovne delavce: Digitalna strategija \u0161ole in povratna informacija z aplikacijo SLIDO in PADLET<\/strong><\/span><\/td>\n<\/tr>\n<tr>\n<td style=\"width: 23.693%\"><span style=\"color: #000080\">12. 11. 2022<\/span><\/td>\n<td style=\"width: 76.2555%\"><span style=\"color: #000080\"><strong>Izobra\u017eevalna aktivnost za strokovne delavce: Izdelava video posnetkov in monta\u017ea<\/strong><\/span><\/td>\n<\/tr>\n<tr>\n<td style=\"width: 23.693%\"><span style=\"color: #000080\">14. 11. 2022<\/span><\/td>\n<td style=\"width: 76.2555%\"><span style=\"color: #000080\"><strong>Izobra\u017eevalna aktivnost za strokovne delavce: Uporaba aplikacij PLIKERS in MENTIMETER za potrebe izobra\u017eevanja<\/strong><strong><br \/>\n<\/strong><\/span><\/td>\n<\/tr>\n<\/tbody>\n<\/table>\n<p>&nbsp;<\/p>\n","protected":false},"excerpt":{"rendered":"<p>Opravljene naloge v okviru projekta DDK 15. 6. 2021 Javna objava in poziv za izbor sodelujo\u010dih VIZ v programu DDK 29. 6. 2021 Informativni sestanek o programu DDK 5. 7. 2021 Prijava v program DDK 30. 3. 2022 Prvo delovno sre\u010danje v projektu DDK (ravnatelj, vodja \u0161olskega razvojnega tima) 11. 5. 2022 Usposabljanje \u0161olskih koordinatorjev [&hellip;]<\/p>\n","protected":false},"author":2887,"featured_media":0,"parent":0,"menu_order":0,"comment_status":"closed","ping_status":"closed","template":"","meta":{"_et_pb_use_builder":"","_et_pb_old_content":"","_et_gb_content_width":"","ngg_post_thumbnail":0,"footnotes":""},"class_list":["post-7542","page","type-page","status-publish","hentry"],"_links":{"self":[{"href":"https:\/\/www.os-tinje.si\/index.php?rest_route=\/wp\/v2\/pages\/7542","targetHints":{"allow":["GET"]}}],"collection":[{"href":"https:\/\/www.os-tinje.si\/index.php?rest_route=\/wp\/v2\/pages"}],"about":[{"href":"https:\/\/www.os-tinje.si\/index.php?rest_route=\/wp\/v2\/types\/page"}],"author":[{"embeddable":true,"href":"https:\/\/www.os-tinje.si\/index.php?rest_route=\/wp\/v2\/users\/2887"}],"replies":[{"embeddable":true,"href":"https:\/\/www.os-tinje.si\/index.php?rest_route=%2Fwp%2Fv2%2Fcomments&post=7542"}],"version-history":[{"count":9,"href":"https:\/\/www.os-tinje.si\/index.php?rest_route=\/wp\/v2\/pages\/7542\/revisions"}],"predecessor-version":[{"id":7554,"href":"https:\/\/www.os-tinje.si\/index.php?rest_route=\/wp\/v2\/pages\/7542\/revisions\/7554"}],"wp:attachment":[{"href":"https:\/\/www.os-tinje.si\/index.php?rest_route=%2Fwp%2Fv2%2Fmedia&parent=7542"}],"curies":[{"name":"wp","href":"https:\/\/api.w.org\/{rel}","templated":true}]}}