{"id":7661,"date":"2022-12-20T21:55:57","date_gmt":"2022-12-20T20:55:57","guid":{"rendered":"https:\/\/os-tinjenova.splet.arnes.si\/?page_id=7661"},"modified":"2024-09-25T22:16:04","modified_gmt":"2024-09-25T20:16:04","slug":"solski-sklad","status":"publish","type":"page","link":"https:\/\/www.os-tinje.si\/?page_id=7661","title":{"rendered":"\u0160OLSKI SKLAD"},"content":{"rendered":"<p><span style=\"color: #000000\">Svet zavoda O\u0160 Partizanska bolni\u0161nica Jesen Tinje je dne 18. 10. 2022 ustanovil \u0161olski sklad.&nbsp;<\/span><br \/>\n<span style=\"color: #000000\">Sede\u017e sklada je: Osnovna \u0161ola Partizanska bolni\u0161nica Jesen Tinje, Veliko Tinje 29, 2316 Zgornja Lo\u017enica. <\/span><br \/>\n<span style=\"color: #000000\">\u0160tevilka ra\u010duna sklada: <strong>01313-6030680677<\/strong>, namen: \u00bb<strong>za \u0161olski sklad<\/strong>\u00ab.<\/span><\/p>\n<p><span style=\"color: #000000\">\u0160olski sklad vodi upravni odbor, ki ga sestavljajo:<\/span><\/p>\n<p><span style=\"color: #000000\">Anita Cizerl<\/span><br \/>\n<span style=\"color: #000000\">Barbara Poto\u010dnik Kolenc<\/span><br \/>\n<span style=\"color: #000000\">Igor Javernik<\/span><br \/>\n<span style=\"color: #000000\">Kristijan Ilijevec<\/span><img loading=\"lazy\" decoding=\"async\" class=\"alignright\" style=\"color: #000000\" src=\"https:\/\/encrypted-tbn0.gstatic.com\/images?q=tbn:ANd9GcQLij1E4kAFOnEzPburSpBtuPwMh2QqdH54FI0kLJeyxIw4lRBqR6VRtY7qK2E0um88blM&amp;usqp=CAU\" alt=\"\u0160olski sklad | O\u0160TB Kamnik\" width=\"259\" height=\"194\"><span style=\"color: #000000\">Metka Kolar<\/span><br \/>\n<span style=\"color: #000000\">Leopold Smogavec<\/span><br \/>\n<span style=\"color: #000000\">Mojca Stegne<\/span><\/p>\n<p><span style=\"color: #000000\">&nbsp;<\/span><\/p>\n<p>PRAVILA \u0160OLSKEGA SKLADA<\/p>\n<p>PROGRAM DELA ZA LETO 2023<\/p>\n<p>LETNA PORO\u010cILA O DELOVANJU \u0160OLSKEGA SKLADA<\/p>\n","protected":false},"excerpt":{"rendered":"<p>Svet zavoda O\u0160 Partizanska bolni\u0161nica Jesen Tinje je dne 18. 10. 2022 ustanovil \u0161olski sklad.&nbsp; Sede\u017e sklada je: Osnovna \u0161ola Partizanska bolni\u0161nica Jesen Tinje, Veliko Tinje 29, 2316 Zgornja Lo\u017enica. \u0160tevilka ra\u010duna sklada: 01313-6030680677, namen: \u00bbza \u0161olski sklad\u00ab. \u0160olski sklad vodi upravni odbor, ki ga sestavljajo: Anita Cizerl Barbara Poto\u010dnik Kolenc Igor Javernik Kristijan IlijevecMetka [&hellip;]<\/p>\n","protected":false},"author":2887,"featured_media":0,"parent":0,"menu_order":0,"comment_status":"closed","ping_status":"closed","template":"","meta":{"_et_pb_use_builder":"","_et_pb_old_content":"","_et_gb_content_width":"","ngg_post_thumbnail":0,"footnotes":""},"class_list":["post-7661","page","type-page","status-publish","hentry"],"_links":{"self":[{"href":"https:\/\/www.os-tinje.si\/index.php?rest_route=\/wp\/v2\/pages\/7661","targetHints":{"allow":["GET"]}}],"collection":[{"href":"https:\/\/www.os-tinje.si\/index.php?rest_route=\/wp\/v2\/pages"}],"about":[{"href":"https:\/\/www.os-tinje.si\/index.php?rest_route=\/wp\/v2\/types\/page"}],"author":[{"embeddable":true,"href":"https:\/\/www.os-tinje.si\/index.php?rest_route=\/wp\/v2\/users\/2887"}],"replies":[{"embeddable":true,"href":"https:\/\/www.os-tinje.si\/index.php?rest_route=%2Fwp%2Fv2%2Fcomments&post=7661"}],"version-history":[{"count":4,"href":"https:\/\/www.os-tinje.si\/index.php?rest_route=\/wp\/v2\/pages\/7661\/revisions"}],"predecessor-version":[{"id":8264,"href":"https:\/\/www.os-tinje.si\/index.php?rest_route=\/wp\/v2\/pages\/7661\/revisions\/8264"}],"wp:attachment":[{"href":"https:\/\/www.os-tinje.si\/index.php?rest_route=%2Fwp%2Fv2%2Fmedia&parent=7661"}],"curies":[{"name":"wp","href":"https:\/\/api.w.org\/{rel}","templated":true}]}}