{"id":8217,"date":"2024-07-03T11:11:06","date_gmt":"2024-07-03T09:11:06","guid":{"rendered":"https:\/\/os-tinjenova.splet.arnes.si\/?page_id=8217"},"modified":"2024-07-03T11:36:44","modified_gmt":"2024-07-03T09:36:44","slug":"365-dni-telovadimo-vsi","status":"publish","type":"page","link":"https:\/\/www.os-tinje.si\/?page_id=8217","title":{"rendered":"365 DNI TELOVADIMO VSI"},"content":{"rendered":"<p>Projekt 365 dni telovadimo vsi sloni na izbolj\u0161anju<strong> gibalnih aktivnosti<\/strong> mladih ter k la\u017ejemu in uspe\u0161nej\u0161emu pre\u017eivljanju \u0161olskih dni. Projekt je usmerjen v vzpodbujanje bolj\u0161ega po\u010dutja, z njim se dotikamo zdravja (gibanje u\u010dencev), okolja (aktivnost na prostem), zdrave prehrane in odnosov.<\/p>\n<p>Cilj projekta je, da so u\u010denci gibalno aktivni pred 1. \u0161olsko uro in tik pred zaklju\u010dkom pouka (5. \u0161olska ura). Gibanje se spodbuja tudi v \u010dasu OPB in varstva voza\u010dev po \u0161olskem kosilu do 13. ure, ko imajo u\u010denci predviden \u010das za opravljanje doma\u010dih obveznosti.<\/p>\n<p>Dejavnosti, ki jih izvajamo v \u0161olskem prostoru:&nbsp;<\/p>\n<ul>\n<li>seznanitev s himno &#8211; gimnasti\u010dne vaje (pred 1. \u0161olsko uro in zadnjih 5 minut 5. \u0161olske ure),<\/li>\n<li>pobarvanka &#8211; logotip projekta,<\/li>\n<li>kocke Gibaj se kot &#8230;,<\/li>\n<li>gibanje na \u0161olskem igri\u0161\u010du in v gozdu s karticami za spodbujanje koncentracije,<\/li>\n<li>telovadimo z Juvi,<\/li>\n<li>poligoni v telovadnici, na parkiri\u0161\u010di, na \u0161olskem igri\u0161\u010du.<\/li>\n<\/ul>\n","protected":false},"excerpt":{"rendered":"<p>Projekt 365 dni telovadimo vsi sloni na izbolj\u0161anju gibalnih aktivnosti mladih ter k la\u017ejemu in uspe\u0161nej\u0161emu pre\u017eivljanju \u0161olskih dni. Projekt je usmerjen v vzpodbujanje bolj\u0161ega po\u010dutja, z njim se dotikamo zdravja (gibanje u\u010dencev), okolja (aktivnost na prostem), zdrave prehrane in odnosov. Cilj projekta je, da so u\u010denci gibalno aktivni pred 1. \u0161olsko uro in tik [&hellip;]<\/p>\n","protected":false},"author":86875,"featured_media":0,"parent":0,"menu_order":0,"comment_status":"closed","ping_status":"closed","template":"","meta":{"_et_pb_use_builder":"","_et_pb_old_content":"","_et_gb_content_width":"","ngg_post_thumbnail":0,"footnotes":""},"class_list":["post-8217","page","type-page","status-publish","hentry"],"_links":{"self":[{"href":"https:\/\/www.os-tinje.si\/index.php?rest_route=\/wp\/v2\/pages\/8217","targetHints":{"allow":["GET"]}}],"collection":[{"href":"https:\/\/www.os-tinje.si\/index.php?rest_route=\/wp\/v2\/pages"}],"about":[{"href":"https:\/\/www.os-tinje.si\/index.php?rest_route=\/wp\/v2\/types\/page"}],"author":[{"embeddable":true,"href":"https:\/\/www.os-tinje.si\/index.php?rest_route=\/wp\/v2\/users\/86875"}],"replies":[{"embeddable":true,"href":"https:\/\/www.os-tinje.si\/index.php?rest_route=%2Fwp%2Fv2%2Fcomments&post=8217"}],"version-history":[{"count":4,"href":"https:\/\/www.os-tinje.si\/index.php?rest_route=\/wp\/v2\/pages\/8217\/revisions"}],"predecessor-version":[{"id":8222,"href":"https:\/\/www.os-tinje.si\/index.php?rest_route=\/wp\/v2\/pages\/8217\/revisions\/8222"}],"wp:attachment":[{"href":"https:\/\/www.os-tinje.si\/index.php?rest_route=%2Fwp%2Fv2%2Fmedia&parent=8217"}],"curies":[{"name":"wp","href":"https:\/\/api.w.org\/{rel}","templated":true}]}}